
{"id":3074,"date":"2021-03-23T00:36:52","date_gmt":"2021-03-22T23:36:52","guid":{"rendered":"https:\/\/www.vitalove.rs\/?page_id=3074"},"modified":"2025-07-04T00:37:18","modified_gmt":"2025-07-03T22:37:18","slug":"iskustva-korisnika","status":"publish","type":"page","link":"https:\/\/www.vitalove.rs\/en\/iskustva-korisnika\/","title":{"rendered":"iskustva na\u0161ih zadovoljnih korisnika"},"content":{"rendered":"<div data-elementor-type=\"wp-page\" data-elementor-id=\"3074\" class=\"elementor elementor-3074\">\n\t\t\t\t<div class=\"elementor-element elementor-element-9bdcb80 e-flex e-con-boxed e-con e-parent\" data-id=\"9bdcb80\" data-element_type=\"container\" data-settings=\"{&quot;background_background&quot;:&quot;classic&quot;}\">\n\t\t\t\t\t<div class=\"e-con-inner\">\n\t\t<div class=\"elementor-element elementor-element-b8224c5 e-con-full e-flex e-con e-child\" data-id=\"b8224c5\" data-element_type=\"container\">\n\t\t\t\t<div class=\"elementor-element elementor-element-62c7348 de_scroll_animation_no elementor-widget elementor-widget-heading\" data-id=\"62c7348\" data-element_type=\"widget\" data-widget_type=\"heading.default\">\n\t\t\t\t\t<h1 class=\"elementor-heading-title elementor-size-default\">Iskustva na\u0161ih zadovoljnih korisnika<\/h1>\t\t\t\t<\/div>\n\t\t\t\t<\/div>\n\t\t\t\t\t<\/div>\n\t\t\t\t<\/div>\n\t\t<div class=\"elementor-element elementor-element-2e8646b e-flex e-con-boxed e-con e-parent\" data-id=\"2e8646b\" data-element_type=\"container\">\n\t\t\t\t\t<div class=\"e-con-inner\">\n\t\t<div class=\"elementor-element elementor-element-09571d8 e-con-full e-flex e-con e-child\" data-id=\"09571d8\" data-element_type=\"container\">\n\t\t\t\t<div class=\"elementor-element elementor-element-efbc565 de_scroll_animation_no elementor-widget elementor-widget-image\" data-id=\"efbc565\" data-element_type=\"widget\" data-widget_type=\"image.default\">\n\t\t\t\t\t\t\t\t\t\t\t\t\t\t\t<img fetchpriority=\"high\" decoding=\"async\" width=\"990\" height=\"1024\" src=\"https:\/\/i0.wp.com\/www.vitalove.rs\/wp-content\/uploads\/2025\/04\/Frame-39798.jpg?fit=990%2C1024&amp;ssl=1\" class=\"attachment-large size-large wp-image-7719\" alt=\"Kako kupiti na\u0161e proizvode\" srcset=\"https:\/\/i0.wp.com\/www.vitalove.rs\/wp-content\/uploads\/2025\/04\/Frame-39798.jpg?w=1678&amp;ssl=1 1678w, https:\/\/i0.wp.com\/www.vitalove.rs\/wp-content\/uploads\/2025\/04\/Frame-39798.jpg?resize=250%2C259&amp;ssl=1 250w, https:\/\/i0.wp.com\/www.vitalove.rs\/wp-content\/uploads\/2025\/04\/Frame-39798.jpg?resize=600%2C621&amp;ssl=1 600w, https:\/\/i0.wp.com\/www.vitalove.rs\/wp-content\/uploads\/2025\/04\/Frame-39798.jpg?resize=967%2C1000&amp;ssl=1 967w, https:\/\/i0.wp.com\/www.vitalove.rs\/wp-content\/uploads\/2025\/04\/Frame-39798.jpg?resize=990%2C1024&amp;ssl=1 990w, https:\/\/i0.wp.com\/www.vitalove.rs\/wp-content\/uploads\/2025\/04\/Frame-39798.jpg?resize=145%2C150&amp;ssl=1 145w, https:\/\/i0.wp.com\/www.vitalove.rs\/wp-content\/uploads\/2025\/04\/Frame-39798.jpg?resize=768%2C795&amp;ssl=1 768w, https:\/\/i0.wp.com\/www.vitalove.rs\/wp-content\/uploads\/2025\/04\/Frame-39798.jpg?resize=1485%2C1536&amp;ssl=1 1485w\" sizes=\"(max-width: 990px) 100vw, 990px\" \/>\t\t\t\t\t\t\t\t\t\t\t\t\t\t\t<\/div>\n\t\t\t\t<\/div>\n\t\t<div class=\"elementor-element elementor-element-3670e0b e-con-full e-flex e-con e-child\" data-id=\"3670e0b\" data-element_type=\"container\">\n\t\t\t\t<div class=\"elementor-element elementor-element-646f07d de_scroll_animation_no elementor-widget elementor-widget-text-editor\" data-id=\"646f07d\" data-element_type=\"widget\" data-widget_type=\"text-editor.default\">\n\t\t\t\t\t\t\t\t\t<p>Obo\u017eavam VITA LOVE ulje za kosu jer, otkad ga koristim, prime\u0107ujem da mi je kosa manje suva i zna\u010dajno du\u017ee traje period kada mi krajevi kose deluju nahranjeno i zdravo. Mnogo volim ovu kozmetiku jer mi je jako va\u017eno da koristim prirodne preparate. Ni\u0161ta \u0161to sam probala nije me izneverilo. Najiskrenija preporuka!<\/p>\t\t\t\t\t\t\t\t<\/div>\n\t\t\t\t<\/div>\n\t\t\t\t\t<\/div>\n\t\t\t\t<\/div>\n\t\t<div class=\"elementor-element elementor-element-f7f6e04 e-flex e-con-boxed e-con e-parent\" data-id=\"f7f6e04\" data-element_type=\"container\">\n\t\t\t\t\t<div class=\"e-con-inner\">\n\t\t<div class=\"elementor-element elementor-element-32d4f83 e-con-full e-flex e-con e-child\" data-id=\"32d4f83\" data-element_type=\"container\" data-settings=\"{&quot;background_background&quot;:&quot;classic&quot;}\">\n\t\t\t\t<div class=\"elementor-element elementor-element-cc283e3 de_scroll_animation_no elementor-widget elementor-widget-text-editor\" data-id=\"cc283e3\" data-element_type=\"widget\" data-widget_type=\"text-editor.default\">\n\t\t\t\t\t\t\t\t\t<p>Imam izrazito osetljivu ko\u017eu lica, pa sam prezadovoljna jer mi VITA LOVE micelarna voda, koju godinama koristim za skidanje maskare, nikada nije izazvala nikakvu iritaciju ili nelagodnost. Velika preporuka!<\/p>\t\t\t\t\t\t\t\t<\/div>\n\t\t\t\t<div class=\"elementor-element elementor-element-c1814be elementor-widget-divider--view-line de_scroll_animation_no elementor-widget elementor-widget-divider\" data-id=\"c1814be\" data-element_type=\"widget\" data-widget_type=\"divider.default\">\n\t\t\t\t\t\t\t<div class=\"elementor-divider\">\n\t\t\t<span class=\"elementor-divider-separator\">\n\t\t\t\t\t\t<\/span>\n\t\t<\/div>\n\t\t\t\t\t\t<\/div>\n\t\t\t\t<div class=\"elementor-element elementor-element-cbebcc6 de_scroll_animation_no elementor-widget elementor-widget-text-editor\" data-id=\"cbebcc6\" data-element_type=\"widget\" data-widget_type=\"text-editor.default\">\n\t\t\t\t\t\t\t\t\t<p>Jelena Vukovi\u0107<\/p>\t\t\t\t\t\t\t\t<\/div>\n\t\t\t\t<\/div>\n\t\t<div class=\"elementor-element elementor-element-de9d74b e-con-full e-flex e-con e-child\" data-id=\"de9d74b\" data-element_type=\"container\" data-settings=\"{&quot;background_background&quot;:&quot;classic&quot;}\">\n\t\t\t\t<div class=\"elementor-element elementor-element-c811a8b de_scroll_animation_no elementor-widget elementor-widget-text-editor\" data-id=\"c811a8b\" data-element_type=\"widget\" data-widget_type=\"text-editor.default\">\n\t\t\t\t\t\t\t\t\t<p>&#8222;VITA LOVE&#8220; tonik za lice Ru\u017ea je savrsen!<br \/>Od prvog dana kori\u0161\u0107enja je postao neizostavan dio moje svakodnevne njege lica. Naro\u010dito u toku zimskih dana, kada mi obrazi postanu suhi i crvenkasti. Ovaj tonik mi tako lijepo umiri ko\u017eu, osvje\u017ei je i vrati joj meko\u0107u. Uvijek ga nanosim prije stavljanja pudera, jer mi na taj na\u010din ko\u017ea zadr\u017ei vla\u017enost.\u00a0Prezadovoljna sam! Sve pohvale!<\/p>\t\t\t\t\t\t\t\t<\/div>\n\t\t\t\t<div class=\"elementor-element elementor-element-770d90c elementor-widget-divider--view-line de_scroll_animation_no elementor-widget elementor-widget-divider\" data-id=\"770d90c\" data-element_type=\"widget\" data-widget_type=\"divider.default\">\n\t\t\t\t\t\t\t<div class=\"elementor-divider\">\n\t\t\t<span class=\"elementor-divider-separator\">\n\t\t\t\t\t\t<\/span>\n\t\t<\/div>\n\t\t\t\t\t\t<\/div>\n\t\t\t\t<div class=\"elementor-element elementor-element-24f0c33 de_scroll_animation_no elementor-widget elementor-widget-text-editor\" data-id=\"24f0c33\" data-element_type=\"widget\" data-widget_type=\"text-editor.default\">\n\t\t\t\t\t\t\t\t\t<p>Zorica Risti\u0107<\/p>\t\t\t\t\t\t\t\t<\/div>\n\t\t\t\t<\/div>\n\t\t<div class=\"elementor-element elementor-element-64d2e47 e-con-full e-flex e-con e-child\" data-id=\"64d2e47\" data-element_type=\"container\" data-settings=\"{&quot;background_background&quot;:&quot;classic&quot;}\">\n\t\t\t\t<div class=\"elementor-element elementor-element-87d8c31 de_scroll_animation_no elementor-widget elementor-widget-text-editor\" data-id=\"87d8c31\" data-element_type=\"widget\" data-widget_type=\"text-editor.default\">\n\t\t\t\t\t\t\t\t\t<p>Ve\u0107 dugo vremena koristim VITA LOVE kozmetiku-najvi\u0161e mi odgovaraju tonik od smilja i serum za lice. Tonik od ru\u017ee je odli\u010dan, ali ja zbog fleka na licu vi\u0161e koristim onaj od smilja. Svi\u0111a mi se \u0161to tonici i serumi imaju prirodan miris, ose\u0107ate da koristite potpuno prirodne proizvode. Preporu\u010dujem i micelarnu vodu i dezodoranse koji imaju predivan miris i veoma su efikasni. VITA LOVE kozmetika je moj svakodnevni izbor zbog svoje efikasnosti i kvalitetnih sastojaka.<\/p>\t\t\t\t\t\t\t\t<\/div>\n\t\t\t\t<div class=\"elementor-element elementor-element-f65fae2 elementor-widget-divider--view-line de_scroll_animation_no elementor-widget elementor-widget-divider\" data-id=\"f65fae2\" data-element_type=\"widget\" data-widget_type=\"divider.default\">\n\t\t\t\t\t\t\t<div class=\"elementor-divider\">\n\t\t\t<span class=\"elementor-divider-separator\">\n\t\t\t\t\t\t<\/span>\n\t\t<\/div>\n\t\t\t\t\t\t<\/div>\n\t\t\t\t<div class=\"elementor-element elementor-element-a8dea7b de_scroll_animation_no elementor-widget elementor-widget-text-editor\" data-id=\"a8dea7b\" data-element_type=\"widget\" data-widget_type=\"text-editor.default\">\n\t\t\t\t\t\t\t\t\t<p>Milica Vojvodi\u0107<\/p>\t\t\t\t\t\t\t\t<\/div>\n\t\t\t\t<\/div>\n\t\t<div class=\"elementor-element elementor-element-c952b83 e-con-full e-flex e-con e-child\" data-id=\"c952b83\" data-element_type=\"container\" data-settings=\"{&quot;background_background&quot;:&quot;classic&quot;}\">\n\t\t\t\t<div class=\"elementor-element elementor-element-99915b4 de_scroll_animation_no elementor-widget elementor-widget-text-editor\" data-id=\"99915b4\" data-element_type=\"widget\" data-widget_type=\"text-editor.default\">\n\t\t\t\t\t\t\t\t\t<p>Micelarna voda VITA LOVE je ne\u0161to najsavr\u0161enije, a istovremeno najne\u017enije za \u010di\u0161\u0107enje lica i uklanjanje \u0161minke. Blaga, ne\u017ena, prirodna, sa suptilnim mirisom, a pri tom veoma mo\u0107na u \u010di\u0161\u0107enju. Topla preporuka svima koji vole prirodnu negu.<\/p>\t\t\t\t\t\t\t\t<\/div>\n\t\t\t\t<div class=\"elementor-element elementor-element-867cf8e de_scroll_animation_no elementor-widget elementor-widget-text-editor\" data-id=\"867cf8e\" data-element_type=\"widget\" data-widget_type=\"text-editor.default\">\n\t\t\t\t\t\t\t\t\t<p>Prirodni dezodorans VITA LOVE je savr\u0161ena zamena konvencionalnim dezodoransima punim aluminijumskih soli, parabena i ve\u0161ta\u010dkih mirisa. Moj favorit je sa mirisom magnolije, moj prirodni, ne\u017eni saveznik.<\/p>\t\t\t\t\t\t\t\t<\/div>\n\t\t\t\t<div class=\"elementor-element elementor-element-5f48da1 elementor-widget-divider--view-line de_scroll_animation_no elementor-widget elementor-widget-divider\" data-id=\"5f48da1\" data-element_type=\"widget\" data-widget_type=\"divider.default\">\n\t\t\t\t\t\t\t<div class=\"elementor-divider\">\n\t\t\t<span class=\"elementor-divider-separator\">\n\t\t\t\t\t\t<\/span>\n\t\t<\/div>\n\t\t\t\t\t\t<\/div>\n\t\t\t\t<div class=\"elementor-element elementor-element-c6c2b04 de_scroll_animation_no elementor-widget elementor-widget-text-editor\" data-id=\"c6c2b04\" data-element_type=\"widget\" data-widget_type=\"text-editor.default\">\n\t\t\t\t\t\t\t\t\t<p>Sla\u0111ana Babi\u0107<\/p>\t\t\t\t\t\t\t\t<\/div>\n\t\t\t\t<\/div>\n\t\t<div class=\"elementor-element elementor-element-de49160 e-con-full e-flex e-con e-child\" data-id=\"de49160\" data-element_type=\"container\" data-settings=\"{&quot;background_background&quot;:&quot;classic&quot;}\">\n\t\t\t\t<div class=\"elementor-element elementor-element-1e083dd de_scroll_animation_no elementor-widget elementor-widget-text-editor\" data-id=\"1e083dd\" data-element_type=\"widget\" data-widget_type=\"text-editor.default\">\n\t\t\t\t\t\t\t\t\t<p>Prilikom kupovine dezodoransa trudila sam se da izaberem proizvod koji nema \u0161tetne sastojke a da mi obezbedi\u00a0 celodnevnu za\u0161titu. Ve\u0107 nekoliko godina sa zadovoljstvom koristim upravo takav VITA LOVE dezodorans. Moje veliko hvala i sve preporuke!<\/p>\t\t\t\t\t\t\t\t<\/div>\n\t\t\t\t<div class=\"elementor-element elementor-element-8bd9ee9 elementor-widget-divider--view-line de_scroll_animation_no elementor-widget elementor-widget-divider\" data-id=\"8bd9ee9\" data-element_type=\"widget\" data-widget_type=\"divider.default\">\n\t\t\t\t\t\t\t<div class=\"elementor-divider\">\n\t\t\t<span class=\"elementor-divider-separator\">\n\t\t\t\t\t\t<\/span>\n\t\t<\/div>\n\t\t\t\t\t\t<\/div>\n\t\t\t\t<div class=\"elementor-element elementor-element-74a549c de_scroll_animation_no elementor-widget elementor-widget-text-editor\" data-id=\"74a549c\" data-element_type=\"widget\" data-widget_type=\"text-editor.default\">\n\t\t\t\t\t\t\t\t\t<p>Sla\u0111ana Kova\u010devi\u0107<\/p>\t\t\t\t\t\t\t\t<\/div>\n\t\t\t\t<\/div>\n\t\t\t\t\t<\/div>\n\t\t\t\t<\/div>\n\t\t\t\t<\/div>","protected":false},"excerpt":{"rendered":"<p>Iskustva na\u0161ih zadovoljnih korisnika Obo\u017eavam VITA LOVE ulje za kosu jer, otkad ga koristim, prime\u0107ujem da mi je kosa manje suva i zna\u010dajno du\u017ee traje period kada mi krajevi kose deluju nahranjeno i zdravo. Mnogo volim ovu kozmetiku jer mi je jako va\u017eno da koristim prirodne preparate. Ni\u0161ta \u0161to sam probala nije me izneverilo. Najiskrenija [&hellip;]<\/p>","protected":false},"author":3,"featured_media":0,"parent":0,"menu_order":0,"comment_status":"closed","ping_status":"closed","template":"","meta":{"footnotes":""},"class_list":["post-3074","page","type-page","status-publish","hentry"],"blocksy_meta":[],"jetpack_sharing_enabled":true,"_links":{"self":[{"href":"https:\/\/www.vitalove.rs\/en\/wp-json\/wp\/v2\/pages\/3074","targetHints":{"allow":["GET"]}}],"collection":[{"href":"https:\/\/www.vitalove.rs\/en\/wp-json\/wp\/v2\/pages"}],"about":[{"href":"https:\/\/www.vitalove.rs\/en\/wp-json\/wp\/v2\/types\/page"}],"author":[{"embeddable":true,"href":"https:\/\/www.vitalove.rs\/en\/wp-json\/wp\/v2\/users\/3"}],"replies":[{"embeddable":true,"href":"https:\/\/www.vitalove.rs\/en\/wp-json\/wp\/v2\/comments?post=3074"}],"version-history":[{"count":312,"href":"https:\/\/www.vitalove.rs\/en\/wp-json\/wp\/v2\/pages\/3074\/revisions"}],"predecessor-version":[{"id":8443,"href":"https:\/\/www.vitalove.rs\/en\/wp-json\/wp\/v2\/pages\/3074\/revisions\/8443"}],"wp:attachment":[{"href":"https:\/\/www.vitalove.rs\/en\/wp-json\/wp\/v2\/media?parent=3074"}],"curies":[{"name":"wp","href":"https:\/\/api.w.org\/{rel}","templated":true}]}}