
{"id":35,"date":"2019-09-05T06:26:41","date_gmt":"2019-09-05T04:26:41","guid":{"rendered":"http:\/\/demo.dithemes.com\/di-multipurpose\/bakery\/?page_id=35"},"modified":"2025-06-11T16:28:58","modified_gmt":"2025-06-11T14:28:58","slug":"o-nama","status":"publish","type":"page","link":"https:\/\/www.vitalove.rs\/en\/o-nama\/","title":{"rendered":"O nama"},"content":{"rendered":"<div data-elementor-type=\"wp-post\" data-elementor-id=\"35\" class=\"elementor elementor-35\">\n\t\t\t\t<div class=\"elementor-element elementor-element-60d3365 e-flex e-con-boxed e-con e-parent\" data-id=\"60d3365\" data-element_type=\"container\" data-settings=\"{&quot;background_background&quot;:&quot;classic&quot;}\">\n\t\t\t\t\t<div class=\"e-con-inner\">\n\t\t<div class=\"elementor-element elementor-element-bd0398b e-con-full e-flex e-con e-child\" data-id=\"bd0398b\" data-element_type=\"container\">\n\t\t\t\t<div class=\"elementor-element elementor-element-cf1c2c2 de_scroll_animation_no elementor-widget elementor-widget-heading\" data-id=\"cf1c2c2\" data-element_type=\"widget\" data-widget_type=\"heading.default\">\n\t\t\t\t\t<h1 class=\"elementor-heading-title elementor-size-default\">O nama<\/h1>\t\t\t\t<\/div>\n\t\t\t\t<\/div>\n\t\t\t\t\t<\/div>\n\t\t\t\t<\/div>\n\t\t<div class=\"elementor-element elementor-element-6e79bba e-flex e-con-boxed e-con e-parent\" data-id=\"6e79bba\" data-element_type=\"container\">\n\t\t\t\t\t<div class=\"e-con-inner\">\n\t\t\t\t<div class=\"elementor-element elementor-element-257f1f3 de_scroll_animation_no elementor-widget elementor-widget-text-editor\" data-id=\"257f1f3\" data-element_type=\"widget\" data-widget_type=\"text-editor.default\">\n\t\t\t\t\t\t\t\t\t<p>Vitalia farm je dugi niz godina prisutna na tr\u017ei\u0161tu \u0161irom Srbije i Crne Gore kao proizvo\u0111a\u010d i distributer visokokvalitetnih preparata na bazi lekovitog bilja.<\/p><p>U na\u0161oj ponudi su: Etarska ulja, Biljne kapi (tinkture), Biljna ulja, Monokomponentni \u010dajevi, Vi\u0161ekomponentni<br \/>\u010dajevi i Prirodna kozmetika<br \/>Kvalitet i \u0161iroku primenu Vitalia Farm proizvoda prepoznale su gotovo sve bolje opremljene prodavnice zdrave hrane, apoteke, kao i dva najve\u0107a lanca drogerija \u2013 Dm i Lilly.<\/p><p>Zahvalni smo na poverenju svakom pojedincu koji je dozvolio da ga upoznamo sa na\u0161im proizvodima. Na\u0161a misija je da putem prirodnih re\u0161enja podr\u017eimo zdravlje kompletnog tela.<\/p><p>Nakon dugogodi\u0161njeg iskustva sa prirodnim VITALIA FARM preparatima za razli\u010dite tegobe, javila se potreba da ponudimo re\u0161enja i za negu ko\u017ee .<\/p><p>Slede\u0107i tu viziju nastao je brend prirodne kozmetike VITA LOVE &#8211; spoj prirode, nauke i kreativnosti.<\/p><p><br \/>Sve proizvode izra\u0111ujemo ru\u010dno, koriste\u0107i pa\u017eljivo odabrane prirodne sastojke proverenih dobavlja\u010da. Redovna upotreba VITA\u00a0<span style=\"font-family: inherit; font-size: inherit; font-style: inherit; font-variant-ligatures: inherit; font-variant-caps: inherit; font-weight: inherit;\">LOVE prirodne kozmetike donosi vidljive rezultate i doprinosi mladala\u010dkom izgledu va\u0161e ko\u017ee.<\/span><\/p><p>U prirodi su svi odgovori a mi poku\u0161avamo prona\u0107i neke od njih.<\/p>\t\t\t\t\t\t\t\t<\/div>\n\t\t\t\t\t<\/div>\n\t\t\t\t<\/div>\n\t\t<div class=\"elementor-element elementor-element-1b41278 e-flex e-con-boxed e-con e-parent\" data-id=\"1b41278\" data-element_type=\"container\" data-settings=\"{&quot;background_background&quot;:&quot;classic&quot;}\">\n\t\t\t\t\t<div class=\"e-con-inner\">\n\t\t<div class=\"elementor-element elementor-element-4dd7cdc e-con-full e-flex e-con e-child\" data-id=\"4dd7cdc\" data-element_type=\"container\">\n\t\t\t\t<div class=\"elementor-element elementor-element-38a8fad de_scroll_animation_no elementor-widget elementor-widget-heading\" data-id=\"38a8fad\" data-element_type=\"widget\" data-widget_type=\"heading.default\">\n\t\t\t\t\t<h3 class=\"elementor-heading-title elementor-size-default\">Na\u0161a misija<\/h3>\t\t\t\t<\/div>\n\t\t\t\t<div class=\"elementor-element elementor-element-b669418 elementor-widget__width-initial de_scroll_animation_no elementor-widget elementor-widget-text-editor\" data-id=\"b669418\" data-element_type=\"widget\" data-widget_type=\"text-editor.default\">\n\t\t\t\t\t\t\t\t\t<p>Na\u0161a misija je da putem prirodnih re\u0161enja podr\u017eimo zdravlje kompletnog tela.<\/p>\t\t\t\t\t\t\t\t<\/div>\n\t\t\t\t<\/div>\n\t\t<div class=\"elementor-element elementor-element-8d78260 e-con-full animated-slow e-flex e-con e-child\" data-id=\"8d78260\" data-element_type=\"container\" data-settings=\"{&quot;animation&quot;:&quot;none&quot;,&quot;animation_mobile&quot;:&quot;fadeInLeft&quot;}\">\n\t\t\t\t<div class=\"elementor-element elementor-element-0471a27 de_scroll_animation_yes de_scroll_translateX_popover_checked de_scroll_translateX_distance_230 de_scroll_start_animate_30 de_scroll_rotate_popover_unchecked de_scroll_skew_popover_unchecked de_scroll_finish_animate_100 de_scroll_animation_on_desktop_yes de_scroll_animation_on_tablet_no de_scroll_animation_on_mobile_no elementor-widget elementor-widget-image\" data-id=\"0471a27\" data-element_type=\"widget\" data-widget_type=\"image.default\">\n\t\t\t\t\t\t\t\t\t\t\t\t\t\t\t<img fetchpriority=\"high\" decoding=\"async\" width=\"350\" height=\"427\" src=\"https:\/\/i0.wp.com\/www.vitalove.rs\/wp-content\/uploads\/2025\/04\/vitalove-slika-proizvoda-1.jpg?fit=350%2C427&amp;ssl=1&amp;t=1776508682\" class=\"attachment-large size-large wp-image-7532\" alt=\"\" srcset=\"https:\/\/i0.wp.com\/www.vitalove.rs\/wp-content\/uploads\/2025\/04\/vitalove-slika-proizvoda-1.jpg?w=350&amp;ssl=1 350w, https:\/\/i0.wp.com\/www.vitalove.rs\/wp-content\/uploads\/2025\/04\/vitalove-slika-proizvoda-1.jpg?resize=123%2C150&amp;ssl=1 123w, https:\/\/i0.wp.com\/www.vitalove.rs\/wp-content\/uploads\/2025\/04\/vitalove-slika-proizvoda-1.jpg?resize=10%2C12&amp;ssl=1 10w, https:\/\/i0.wp.com\/www.vitalove.rs\/wp-content\/uploads\/2025\/04\/vitalove-slika-proizvoda-1.jpg?resize=250%2C305&amp;ssl=1 250w\" sizes=\"(max-width: 350px) 100vw, 350px\" \/>\t\t\t\t\t\t\t\t\t\t\t\t\t\t\t<\/div>\n\t\t\t\t<\/div>\n\t\t\t\t\t<\/div>\n\t\t\t\t<\/div>\n\t\t<div class=\"elementor-element elementor-element-4cefc14 e-flex e-con-boxed e-con e-parent\" data-id=\"4cefc14\" data-element_type=\"container\" data-settings=\"{&quot;background_background&quot;:&quot;classic&quot;}\">\n\t\t\t\t\t<div class=\"e-con-inner\">\n\t\t<div class=\"elementor-element elementor-element-96da848 e-con-full e-flex e-con e-child\" data-id=\"96da848\" data-element_type=\"container\">\n\t\t\t\t<div class=\"elementor-element elementor-element-7993f14 de_scroll_animation_no elementor-widget elementor-widget-heading\" data-id=\"7993f14\" data-element_type=\"widget\" data-widget_type=\"heading.default\">\n\t\t\t\t\t<h3 class=\"elementor-heading-title elementor-size-default\">Kako poslujemo?<\/h3>\t\t\t\t<\/div>\n\t\t\t\t<div class=\"elementor-element elementor-element-e561d01 elementor-widget__width-initial de_scroll_animation_no elementor-widget elementor-widget-text-editor\" data-id=\"e561d01\" data-element_type=\"widget\" data-widget_type=\"text-editor.default\">\n\t\t\t\t\t\t\t\t\t<p>Poslujemo rukovode\u0107i se stru\u010dnim, profesionalnim, a pre svega eti\u010dkim standardima po\u0161tuju\u0107i i gaje\u0107i poverenje<br \/>prema na\u0161im korisnicima, poslovnim partnerima i zaposlenima.<\/p>\t\t\t\t\t\t\t\t<\/div>\n\t\t\t\t<\/div>\n\t\t<div class=\"elementor-element elementor-element-934d9a1 e-con-full animated-slow e-flex e-con e-child\" data-id=\"934d9a1\" data-element_type=\"container\" data-settings=\"{&quot;animation&quot;:&quot;none&quot;,&quot;animation_mobile&quot;:&quot;fadeInRight&quot;}\">\n\t\t\t\t<div class=\"elementor-element elementor-element-5c01edc de_scroll_animation_yes de_scroll_translateX_popover_checked de_scroll_translateX_distance_-230 de_scroll_start_animate_30 de_scroll_rotate_popover_unchecked de_scroll_skew_popover_unchecked de_scroll_finish_animate_100 de_scroll_animation_on_desktop_yes de_scroll_animation_on_tablet_no de_scroll_animation_on_mobile_no elementor-widget elementor-widget-image\" data-id=\"5c01edc\" data-element_type=\"widget\" data-widget_type=\"image.default\">\n\t\t\t\t\t\t\t\t\t\t\t\t\t\t\t<img decoding=\"async\" width=\"683\" height=\"1024\" data-src=\"https:\/\/i0.wp.com\/www.vitalove.rs\/wp-content\/uploads\/2025\/04\/businesspeople-shaking-hands-scaled.jpg?fit=683%2C1024&amp;ssl=1\" class=\"attachment-large size-large wp-image-7798 lazyload\" alt=\"\" data-srcset=\"https:\/\/i0.wp.com\/www.vitalove.rs\/wp-content\/uploads\/2025\/04\/businesspeople-shaking-hands-scaled.jpg?w=1707&amp;ssl=1 1707w, https:\/\/i0.wp.com\/www.vitalove.rs\/wp-content\/uploads\/2025\/04\/businesspeople-shaking-hands-scaled.jpg?resize=250%2C375&amp;ssl=1 250w, https:\/\/i0.wp.com\/www.vitalove.rs\/wp-content\/uploads\/2025\/04\/businesspeople-shaking-hands-scaled.jpg?resize=600%2C900&amp;ssl=1 600w, https:\/\/i0.wp.com\/www.vitalove.rs\/wp-content\/uploads\/2025\/04\/businesspeople-shaking-hands-scaled.jpg?resize=667%2C1000&amp;ssl=1 667w, https:\/\/i0.wp.com\/www.vitalove.rs\/wp-content\/uploads\/2025\/04\/businesspeople-shaking-hands-scaled.jpg?resize=683%2C1024&amp;ssl=1 683w, https:\/\/i0.wp.com\/www.vitalove.rs\/wp-content\/uploads\/2025\/04\/businesspeople-shaking-hands-scaled.jpg?resize=100%2C150&amp;ssl=1 100w, https:\/\/i0.wp.com\/www.vitalove.rs\/wp-content\/uploads\/2025\/04\/businesspeople-shaking-hands-scaled.jpg?resize=768%2C1152&amp;ssl=1 768w, https:\/\/i0.wp.com\/www.vitalove.rs\/wp-content\/uploads\/2025\/04\/businesspeople-shaking-hands-scaled.jpg?resize=1024%2C1536&amp;ssl=1 1024w, https:\/\/i0.wp.com\/www.vitalove.rs\/wp-content\/uploads\/2025\/04\/businesspeople-shaking-hands-scaled.jpg?resize=1365%2C2048&amp;ssl=1 1365w\" data-sizes=\"(max-width: 683px) 100vw, 683px\" src=\"data:image\/gif;base64,R0lGODlhAQABAAAAACH5BAEKAAEALAAAAAABAAEAAAICTAEAOw==\" style=\"--smush-placeholder-width: 683px; --smush-placeholder-aspect-ratio: 683\/1024;\" \/>\t\t\t\t\t\t\t\t\t\t\t\t\t\t\t<\/div>\n\t\t\t\t<\/div>\n\t\t\t\t\t<\/div>\n\t\t\t\t<\/div>\n\t\t<div class=\"elementor-element elementor-element-1699b56 e-flex e-con-boxed e-con e-parent\" data-id=\"1699b56\" data-element_type=\"container\" data-settings=\"{&quot;background_background&quot;:&quot;classic&quot;}\">\n\t\t\t\t\t<div class=\"e-con-inner\">\n\t\t<div class=\"elementor-element elementor-element-4a49579 e-con-full e-flex e-con e-child\" data-id=\"4a49579\" data-element_type=\"container\">\n\t\t\t\t<div class=\"elementor-element elementor-element-71f83e5 de_scroll_animation_no elementor-widget elementor-widget-heading\" data-id=\"71f83e5\" data-element_type=\"widget\" data-widget_type=\"heading.default\">\n\t\t\t\t\t<h3 class=\"elementor-heading-title elementor-size-default\">Garancija kvaliteta<\/h3>\t\t\t\t<\/div>\n\t\t\t\t<div class=\"elementor-element elementor-element-a75d333 elementor-widget__width-initial de_scroll_animation_no elementor-widget elementor-widget-text-editor\" data-id=\"a75d333\" data-element_type=\"widget\" data-widget_type=\"text-editor.default\">\n\t\t\t\t\t\t\t\t\t<p>Svi Vitalia Farm proizvodi poseduju potrebne sertifikate o kvalitetu proizvoda.<br \/><strong>100% su prirodni proizvodi!<\/strong><\/p><p>Proizvodi su bez ve\u0161ta\u010dkih aroma, boja, zasla\u0111iva\u010da, parabena, sulfata, silikona.<br \/>Jednako va\u017ena potvrda kvaliteta dolazi od na\u0161ih klijenata svakog dana, u sve ve\u0107em<br \/>broju i na tome smo im beskrajno zahvalni.<\/p>\t\t\t\t\t\t\t\t<\/div>\n\t\t\t\t<\/div>\n\t\t<div class=\"elementor-element elementor-element-05aa73a e-con-full animated-slow e-flex e-con e-child\" data-id=\"05aa73a\" data-element_type=\"container\" data-settings=\"{&quot;animation&quot;:&quot;none&quot;,&quot;animation_mobile&quot;:&quot;fadeInLeft&quot;}\">\n\t\t\t\t<div class=\"elementor-element elementor-element-8e89745 de_scroll_animation_yes de_scroll_translateX_popover_checked de_scroll_translateX_distance_230 de_scroll_start_animate_30 de_scroll_animation_preview_yes de_scroll_rotate_popover_unchecked de_scroll_skew_popover_unchecked de_scroll_finish_animate_100 de_scroll_animation_on_desktop_yes de_scroll_animation_on_tablet_no de_scroll_animation_on_mobile_no elementor-widget elementor-widget-image\" data-id=\"8e89745\" data-element_type=\"widget\" data-widget_type=\"image.default\">\n\t\t\t\t\t\t\t\t\t\t\t\t\t\t\t<img decoding=\"async\" width=\"700\" height=\"400\" data-src=\"https:\/\/i0.wp.com\/www.vitalove.rs\/wp-content\/uploads\/2025\/04\/Vitalia-Farm-O-nama4.png?fit=700%2C400&amp;ssl=1\" class=\"attachment-large size-large wp-image-7837 lazyload\" alt=\"\" data-srcset=\"https:\/\/i0.wp.com\/www.vitalove.rs\/wp-content\/uploads\/2025\/04\/Vitalia-Farm-O-nama4.png?w=700&amp;ssl=1 700w, https:\/\/i0.wp.com\/www.vitalove.rs\/wp-content\/uploads\/2025\/04\/Vitalia-Farm-O-nama4.png?resize=250%2C143&amp;ssl=1 250w, https:\/\/i0.wp.com\/www.vitalove.rs\/wp-content\/uploads\/2025\/04\/Vitalia-Farm-O-nama4.png?resize=600%2C343&amp;ssl=1 600w, https:\/\/i0.wp.com\/www.vitalove.rs\/wp-content\/uploads\/2025\/04\/Vitalia-Farm-O-nama4.png?resize=150%2C86&amp;ssl=1 150w\" data-sizes=\"(max-width: 700px) 100vw, 700px\" src=\"data:image\/gif;base64,R0lGODlhAQABAAAAACH5BAEKAAEALAAAAAABAAEAAAICTAEAOw==\" style=\"--smush-placeholder-width: 700px; --smush-placeholder-aspect-ratio: 700\/400;\" \/>\t\t\t\t\t\t\t\t\t\t\t\t\t\t\t<\/div>\n\t\t\t\t<\/div>\n\t\t\t\t\t<\/div>\n\t\t\t\t<\/div>\n\t\t\t\t<\/div>","protected":false},"excerpt":{"rendered":"<p>O nama Vitalia farm je dugi niz godina prisutna na tr\u017ei\u0161tu \u0161irom Srbije i Crne Gore kao proizvo\u0111a\u010d i distributer visokokvalitetnih preparata na bazi lekovitog bilja. U na\u0161oj ponudi su: Etarska ulja, Biljne kapi (tinkture), Biljna ulja, Monokomponentni \u010dajevi, Vi\u0161ekomponentni\u010dajevi i Prirodna kozmetikaKvalitet i \u0161iroku primenu Vitalia Farm proizvoda prepoznale su gotovo sve bolje opremljene [&hellip;]<\/p>","protected":false},"author":3,"featured_media":0,"parent":0,"menu_order":0,"comment_status":"closed","ping_status":"closed","template":"","meta":{"footnotes":""},"class_list":["post-35","page","type-page","status-publish","hentry"],"blocksy_meta":[],"jetpack_sharing_enabled":true,"_links":{"self":[{"href":"https:\/\/www.vitalove.rs\/en\/wp-json\/wp\/v2\/pages\/35","targetHints":{"allow":["GET"]}}],"collection":[{"href":"https:\/\/www.vitalove.rs\/en\/wp-json\/wp\/v2\/pages"}],"about":[{"href":"https:\/\/www.vitalove.rs\/en\/wp-json\/wp\/v2\/types\/page"}],"author":[{"embeddable":true,"href":"https:\/\/www.vitalove.rs\/en\/wp-json\/wp\/v2\/users\/3"}],"replies":[{"embeddable":true,"href":"https:\/\/www.vitalove.rs\/en\/wp-json\/wp\/v2\/comments?post=35"}],"version-history":[{"count":511,"href":"https:\/\/www.vitalove.rs\/en\/wp-json\/wp\/v2\/pages\/35\/revisions"}],"predecessor-version":[{"id":8417,"href":"https:\/\/www.vitalove.rs\/en\/wp-json\/wp\/v2\/pages\/35\/revisions\/8417"}],"wp:attachment":[{"href":"https:\/\/www.vitalove.rs\/en\/wp-json\/wp\/v2\/media?parent=35"}],"curies":[{"name":"wp","href":"https:\/\/api.w.org\/{rel}","templated":true}]}}