
{"id":5,"date":"2021-03-19T16:24:14","date_gmt":"2021-03-19T15:24:14","guid":{"rendered":"https:\/\/www.vitalove.rs\/?page_id=3"},"modified":"2025-07-04T00:30:10","modified_gmt":"2025-07-03T22:30:10","slug":"kako-kupiti-nase-proizvode-2","status":"publish","type":"page","link":"https:\/\/www.vitalove.rs\/en\/kako-kupiti-nase-proizvode-2\/","title":{"rendered":"Politika privatnosti"},"content":{"rendered":"<div data-elementor-type=\"wp-page\" data-elementor-id=\"5\" class=\"elementor elementor-5\">\n\t\t\t\t<div class=\"elementor-element elementor-element-6d70acce e-flex e-con-boxed e-con e-parent\" data-id=\"6d70acce\" data-element_type=\"container\">\n\t\t\t\t\t<div class=\"e-con-inner\">\n\t\t\t\t<div class=\"elementor-element elementor-element-4f3c1d28 de_scroll_animation_no elementor-widget elementor-widget-text-editor\" data-id=\"4f3c1d28\" data-element_type=\"widget\" data-widget_type=\"text-editor.default\">\n\t\t\t\t\t\t\t\t\t<h1>Politika privatnosti<\/h1><p>Na\u0161a adresa veb mesta je: https:\/\/vitalove.rs<\/p><h3>Kako kupiti?<\/h3><p><!-- \/wp:heading --><!-- wp:paragraph --><!-- \/wp:paragraph --><!-- wp:paragraph --><\/p><p><strong>-KAKO NARU\u010cITI<\/strong><\/p><p><!-- \/wp:paragraph --><!-- wp:paragraph --><\/p><p>Kompletna ponuda proizvoda na na\u0161em sajtu je dostupna za kupovinu u nekoliko slede\u0107ih koraka:<\/p><p><!-- \/wp:paragraph --><!-- wp:paragraph --><\/p><p>1. Klikom na ikonicu NARU\u010cI potrebno je da popunite obrazac (ime i prezime, mail, telefon)<\/p><p><!-- \/wp:paragraph --><!-- wp:paragraph --><\/p><p>2. Izbor proizvoda i koli\u010dina<\/p><p><!-- \/wp:paragraph --><!-- wp:paragraph --><\/p><p>3. Slanje porud\u017ebine<\/p><p><!-- \/wp:paragraph --><!-- wp:paragraph --><\/p><p>Nakon \u0161to ste zavr\u0161ili sa odabirom, proverite da li ste upisali ta\u010dne podatke a zatim kliknite na ikonicu PO\u0160ALJI . Va\u0161a narud\u017ebenica \u0107e Vam biti automatski prosle\u0111ena na mejl.<\/p><p><!-- \/wp:paragraph --><!-- wp:paragraph --><\/p><p><strong>-NA\u010cINI PLA\u0106ANJA<\/strong><\/p><p><!-- \/wp:paragraph --><!-- wp:paragraph --><\/p><p>Proizvode koje \u017eelite da kupite putem vitalove.rs mo\u017eete platiti na slede\u0107e na\u010dine:<\/p><p><!-- \/wp:paragraph --><!-- wp:paragraph --><\/p><p>1. Pouze\u0107em.<\/p><p><!-- \/wp:paragraph --><!-- wp:paragraph --><\/p><p>Za sva fizi\u010dka lica. Prilikom isporuke, u gotovini, na ruke kuriru brze po\u0161te.<\/p><p><!-- \/wp:paragraph --><!-- wp:paragraph --><\/p><p>2. Preko ra\u010duna firme.<\/p><p><!-- \/wp:paragraph --><!-- wp:paragraph --><\/p><p>Samo za PRAVNA LICA (firme).<\/p><p><!-- \/wp:paragraph --><!-- wp:paragraph --><\/p><p><strong>-NA\u010cINI ISPORUKE<\/strong><\/p><p><!-- \/wp:paragraph --><!-- wp:paragraph --><\/p><p>Proizvode koje ste poru\u010dili bi\u0107e vam poslati brzom po\u0161tom.<br \/>Naru\u010dene proizvode vam \u0161aljemo kurirskom slu\u017ebom D Express koja vr\u0161i isporuku na teritoriji Republike Srbije.<br \/>Sve porud\u017ebine primljene radnim danima do 12h bi\u0107e obra\u0111ene istog ili narednog dana dok \u0107e porud\u017ebine primljene posle 12h biti obra\u0111ene u naredna 2 dana.<br \/>Isporuka bi trebalo da bude u roku od 24h do 72h (neradni dani, vikend) od momenta kada potvrdite porud\u017ebinu.<br \/>Tro\u0161kovi brze po\u0161te nisu ura\u010dunati u cenu proizvoda. Tro\u0161kove dostave snosi kupac i oni iznose 360,00rsd<\/p><p><!-- \/wp:paragraph --><!-- wp:paragraph --><\/p><p>Za narud\u017ebine \u010dija vrednost prelazi 3.000,00 rsd dostava je BESPLATNA.<\/p><p><!-- \/wp:paragraph --><!-- wp:heading --><\/p><h3>Komentari<\/h3><p><!-- \/wp:heading --><!-- wp:paragraph --><\/p><p>Kada posetioci ostave komentare na veb mestu, skupljamo podatke prikazane u obrascu za komentare kao i IP adresu posetioca i nisku user agent njegovog pregleda\u010da veba za pomo\u0107 u otkrivanju nepo\u017eeljnog.<\/p><p><!-- \/wp:paragraph --><!-- wp:paragraph --><\/p><p>Anonimizovana niska napravljena od va\u0161e adrese e-po\u0161te (tako\u0111e nazvana i he\u0161) mo\u017ee biti dostavljena usluzi Gravatar da bi se videlo da li je koristite. Politika privatnosti usluge Gravatar je dostupna ovde: https:\/\/automattic.com\/privacy\/. Nakon odobrenja va\u0161eg komentara, va\u0161a slika profila je vidljiva javnosti u smislu va\u0161eg komentara.<\/p><p><!-- \/wp:paragraph --><!-- wp:heading --><\/p><h3>Sadr\u017eaj<\/h3><p><!-- \/wp:heading --><!-- wp:paragraph --><\/p><p>Ukoliko otpremate slike na veb mesto, trebalo bi da izbegavate otpremanje slika sa ugne\u017e\u0111enim podacima lokacije (EXIF GPS). Posetioci veb mesta mogu da preuzmu i izvuku podatke o lokaciji sa slika sa veb mesta.<\/p><p><!-- \/wp:paragraph --><!-- wp:heading --><\/p><h3>Kola\u010di\u0107i<\/h3><p><!-- \/wp:heading --><!-- wp:paragraph --><\/p><p>Ukoliko ostavite komentar na na\u0161em veb mestu, mo\u017eete se izuzeti od snimanja svog imena, adrese e-po\u0161te i veb mesta u kola\u010di\u0107ima. Oni su zbog va\u0161e udobnosti tako da ne morate da ponovo popunjavate svoje detalje kada ostavite drugi komentar. Ovi kola\u010di\u0107i traju godinu dana.<\/p><p><!-- \/wp:paragraph --><!-- wp:paragraph --><\/p><p>Ukoliko posetite na\u0161u stranicu za prijavljivanje, postavi\u0107emo privremeni kola\u010di\u0107 za odre\u0111ivanje da li va\u0161 pregleda\u010d veba prihvata kola\u010di\u0107e. Ovaj kola\u010di\u0107 ne sadr\u017ei li\u010dne podatke i odbacuje se nakon va\u0161eg zatvaranja pregleda\u010da veba.<\/p><p><!-- \/wp:paragraph --><!-- wp:paragraph --><\/p><p>Kada se prijavite, tako\u0111e \u0107emo postaviti nekoliko kola\u010di\u0107a da bismo sa\u010duvali va\u0161e informacije prijavljivanja i va\u0161e izbore prikaza ekrana. Kola\u010di\u0107i prijavljivanja traju dva dana, a kola\u010di\u0107i mogu\u0107nosti ekrana traju godinu dana. Ukoliko izaberete &#8222;Zapamti me&#8220;, va\u0161a prijava \u0107e trajati dve sedmice. Ukoliko se odjavite sa svog naloga, kola\u010di\u0107i prijavljivanja bi\u0107e uklonjeni.<\/p><p><!-- \/wp:paragraph --><!-- wp:paragraph --><\/p><p>Kada uredite ili objavite \u010dlanak, dodatni kola\u010di\u0107 \u0107e biti sa\u010duvan u va\u0161em pregleda\u010du veba. Ovaj kola\u010di\u0107 ne uklju\u010duje li\u010dne podatke i samo odre\u0111uje ID \u010dlanka koji ure\u0111ujete. Isti\u010de nakon jednog dana.<\/p><p><!-- \/wp:paragraph --><!-- wp:heading --><\/p><h3>Ugne\u017e\u0111eni sadr\u017eaj sa drugih veb mesta<\/h3><p><!-- \/wp:heading --><!-- wp:paragraph --><\/p><p>\u010clanci na ovom veb mestu mogu da sadr\u017ee ugne\u017e\u0111eni sadr\u017eaj (npr. video snimke, slike, \u010dlanke, itd). Ugne\u017e\u0111eni sadr\u017eaj sa drugih veb mesta se pona\u0161a na potpuno isti na\u010din kao da je va\u0161 posetilac posetio drugo veb mesto.<\/p><p><!-- \/wp:paragraph --><!-- wp:paragraph --><\/p><p>Ta veb mesta mogu da prikupe podatke o vama, koriste kola\u010di\u0107e, ugnezde dodatno pra\u0107enje od strane tre\u0107e strane i nadgledaju va\u0161u interakciju sa tim ugne\u017e\u0111enim sadr\u017eajem, uklju\u010duju\u0107i pra\u0107enje va\u0161e interakcije sa ugne\u017e\u0111enim sadr\u017eajem ukoliko imate nalog i prijavljeni ste na to veb mesto.<\/p><p><!-- \/wp:paragraph --><!-- wp:heading --><\/p><h3>Sa kim delimo va\u0161e podatke<\/h3><p><!-- \/wp:heading --><!-- wp:paragraph --><\/p><p>Ako zatra\u017eite resetovanje lozinke, va\u0161a IP adresa \u0107e biti uklju\u010dena u e-po\u0161tu resetovanja.<\/p><p><!-- \/wp:paragraph --><!-- wp:heading --><\/p><h3>Koliko dugo \u010duvamo va\u0161e podatke<\/h3><p><!-- \/wp:heading --><!-- wp:paragraph --><\/p><p>Ukoliko ostavite komentar, taj komentar i njegovi meta podaci se \u010duvaju neograni\u010deno. Ovo je zato da bismo prepoznali i automatski odobrili sve komentare koje uslede umesto da ih dr\u017eimo u redu za pregled.<\/p><p><!-- \/wp:paragraph --><!-- wp:paragraph --><\/p><p>Za korisnike koji se registruju na na\u0161e veb mesto (ukoliko ih ima), tako\u0111e \u010duvamo li\u010dne informacije koje dostave u svom korisni\u010dkom profilu. Svi korisnici mogu da vide, urede ili obri\u0161u svoje li\u010dne podatke bilo kada (izuzev \u0161to ne mogu da promene svoje korisni\u010dko ime). Upravnici veb mesta tako\u0111e mogu da vide i urede te informacije.<\/p><p><!-- \/wp:paragraph --><!-- wp:heading --><\/p><h3>Koja prava imate u odnosu na va\u0161e podatke<\/h3><p><!-- \/wp:heading --><!-- wp:paragraph --><\/p><p>Ukoliko imate nalog na ovom veb mestu, ili ste ostavili komentare, mo\u017eete da zahtevate da primite datoteku sa izvezenim li\u010dnim podacima koje dr\u017eimo o vama uklju\u010duju\u0107i bilo koje podatke koje ste nam dostavili. Tako\u0111e mo\u017eete da zahtevate da obri\u0161emo bilo koje li\u010dne podatke koje dr\u017eimo o vama. To ne uklju\u010duje bilo koje podatke koje smo obavezni da dr\u017eimo zbog administrativnih, pravnih ili bezbedonosnih razloga.<\/p><p><!-- \/wp:paragraph --><!-- wp:heading --><\/p><h3>Gde \u0161aljemo va\u0161e podatke<\/h3><p><!-- \/wp:heading --><!-- wp:paragraph --><\/p><p>Komentari posetioca mogu da budu provereni kroz uslugu automatskog prepoznavanja nepo\u017eeljnih.<\/p><p><!-- \/wp:paragraph --><\/p>\t\t\t\t\t\t\t\t<\/div>\n\t\t\t\t\t<\/div>\n\t\t\t\t<\/div>\t\t<\/div>","protected":false},"excerpt":{"rendered":"<p>Politika privatnosti Na\u0161a adresa veb mesta je: https:\/\/vitalove.rs Kako kupiti? -KAKO NARU\u010cITI Kompletna ponuda proizvoda na na\u0161em sajtu je dostupna za kupovinu u nekoliko slede\u0107ih koraka: 1. Klikom na ikonicu NARU\u010cI potrebno je da popunite obrazac (ime i prezime, mail, telefon) 2. Izbor proizvoda i koli\u010dina 3. Slanje porud\u017ebine Nakon \u0161to ste zavr\u0161ili sa odabirom, [&hellip;]<\/p>","protected":false},"author":3,"featured_media":0,"parent":0,"menu_order":0,"comment_status":"closed","ping_status":"open","template":"","meta":{"footnotes":""},"class_list":["post-5","page","type-page","status-publish","hentry"],"blocksy_meta":[],"jetpack_sharing_enabled":true,"_links":{"self":[{"href":"https:\/\/www.vitalove.rs\/en\/wp-json\/wp\/v2\/pages\/5","targetHints":{"allow":["GET"]}}],"collection":[{"href":"https:\/\/www.vitalove.rs\/en\/wp-json\/wp\/v2\/pages"}],"about":[{"href":"https:\/\/www.vitalove.rs\/en\/wp-json\/wp\/v2\/types\/page"}],"author":[{"embeddable":true,"href":"https:\/\/www.vitalove.rs\/en\/wp-json\/wp\/v2\/users\/3"}],"replies":[{"embeddable":true,"href":"https:\/\/www.vitalove.rs\/en\/wp-json\/wp\/v2\/comments?post=5"}],"version-history":[{"count":51,"href":"https:\/\/www.vitalove.rs\/en\/wp-json\/wp\/v2\/pages\/5\/revisions"}],"predecessor-version":[{"id":8436,"href":"https:\/\/www.vitalove.rs\/en\/wp-json\/wp\/v2\/pages\/5\/revisions\/8436"}],"wp:attachment":[{"href":"https:\/\/www.vitalove.rs\/en\/wp-json\/wp\/v2\/media?parent=5"}],"curies":[{"name":"wp","href":"https:\/\/api.w.org\/{rel}","templated":true}]}}