
{"id":6127,"date":"2024-08-09T07:43:08","date_gmt":"2024-08-09T05:43:08","guid":{"rendered":"https:\/\/www.vitalove.rs\/?post_type=product&#038;p=6127"},"modified":"2025-07-04T16:44:08","modified_gmt":"2025-07-04T14:44:08","slug":"aloha-ulje-za-negu-tela","status":"publish","type":"product","link":"https:\/\/www.vitalove.rs\/en\/prodavnica\/prirodnakozmetika\/aloha-ulje-za-negu-tela\/","title":{"rendered":"Aloha &#8211; Ulje za negu tela"},"content":{"rendered":"<p><span style=\"font-family: Times New Roman, serif;\"><b>Sastojci: <\/b><\/span><span style=\"color: #000000;\"><span style=\"font-family: Times New Roman, serif;\">Caprylic\/Capric Triglyceride (emolijens prirodnog porekla), <\/span><\/span> <span style=\"font-family: Times New Roman, serif;\">Prunus Amygdalus Dulcis Oil (ulje badema), <\/span><span style=\"color: #000000;\"><span style=\"font-family: Times New Roman, serif;\">Rubus Idaeus Seed Oil (ulje semenki maline), <\/span><\/span><span style=\"font-family: Times New Roman, serif;\">Vitis Vinifera<\/span> <span style=\"font-family: Times New Roman, serif;\">Seed Oil (ulje semenki gro\u017e\u0111a), <\/span><span style=\"color: #000000;\"><span style=\"font-family: Times New Roman, serif;\">Helianthus Annuus Seed Oil and Daucus Carota (Carrot) Root Extract (macerat \u0161argarepe)<\/span><\/span><span style=\"font-family: Times New Roman, serif;\">, <\/span><span style=\"color: #000000;\"><span style=\"font-family: Times New Roman, serif;\">Persea Gratissima Oil (ulje avokada), Vaccinium Macrocarpon Seed Oil (ulje ameri\u010dke brusnice), Hippophae Rhamnoides Fruit Oil (ulje pulpe pasjeg trna),<\/span><\/span> <span style=\"font-family: Times New Roman, serif;\">Parfum (mirisno ulje Aloha), Tocopheryl Acetate (vitamin E), Rosmarinus Officinalis Leaf Extract (ekstrakt ruzmarina), *Benzyl Benzoate, *Coumarin.<\/span><\/p>\n<p><span style=\"font-family: Times New Roman, serif;\">*sastojci mirisnog ulja<\/span><i> <\/i><\/p>\n<p><span style=\"font-family: Times New Roman, serif;\"><b>Na\u010din upotrebe:<\/b><\/span><span style=\"font-family: Times New Roman, serif;\"> Ulje umasirati na \u010distu i vla\u017enu ko\u017eu tela. <\/span><\/p>\n<p><span style=\"font-family: Times New Roman, serif;\"><b>Na\u010din \u010duvanja:<\/b><\/span><span style=\"font-family: Times New Roman, serif;\"> \u010cuvati na sobnoj temperaturi.<\/span><\/p>\n<p><span style=\"font-family: Times New Roman, serif;\"><b>Pakovanje: 50 ml<\/b><\/span><\/p>","protected":false},"excerpt":{"rendered":"<p><span style=\"font-size: medium;\"><span style=\"font-family: Times New Roman, serif;\">Njegova jedinstvena formula sadr\u017ei biljna ulja koja pru\u017eaju intenzivnu ishranu i regeneraciju ko\u017ee a \u010dine je mekom i elasti\u010dnom. Nemasni emolijens prirodnog porekla koji se nalazi u njegovom sastavu osigurava brzo upijanje. Biljna ulja koja se nalaze u njegovom sastavu smanjuju \u0161tetne efekte nastale usled UV zra\u010denja, umanjuju crvenilo i lju\u0161tenje ko\u017ee. Mirisno ulje Aloha neodoljivo podse\u0107a na more i odmor.<\/span><\/span><\/p>\n<p><span style=\"font-size: medium;\"><span style=\"font-family: Times New Roman, serif;\"><b>Preporu\u010duje se za:<\/b><\/span><\/span><\/p>\n<ul>\n<li><span style=\"font-size: medium;\"><span style=\"font-family: Times New Roman, serif;\">negu suve i dehidrirane ko\u017ee<\/span><\/span><\/li>\n<li><span style=\"font-size: medium;\"><span style=\"font-family: Times New Roman, serif;\">regeneraciju ko\u017ee<\/span><\/span><\/li>\n<li><span style=\"font-size: medium;\"><span style=\"font-family: Times New Roman, serif;\">negu ko\u017ee nakon sun\u010danja<\/span><\/span><\/li>\n<\/ul>\n<p><span style=\"font-size: medium;\"><span style=\"font-family: Times New Roman, serif;\"><b>Redovna upotreba ulja doprinosi:<\/b><\/span><\/span><\/p>\n<ul>\n<li><span style=\"font-size: medium;\"><span style=\"font-family: Times New Roman, serif;\">spre\u010davanju transepidermalnog gubitka vlage<\/span><\/span><\/li>\n<li><span style=\"font-size: medium;\"><span style=\"font-family: Times New Roman, serif;\">smanjenju znakova hiperpigmentacije i spre\u010davanju stvaranja novih<\/span><\/span><\/li>\n<li><span style=\"font-size: medium;\"><span style=\"font-family: Times New Roman, serif;\">dubinskoj hidrataciji i regeneraciji ko\u017ee<\/span><\/span><\/li>\n<li><span style=\"font-size: medium;\"><span style=\"font-family: Times New Roman, serif;\">pobolj\u0161anju elasti\u010dnosti ko\u017ee<\/span><\/span><\/li>\n<\/ul>","protected":false},"featured_media":6137,"comment_status":"open","ping_status":"closed","template":"","meta":[],"product_brand":[],"product_cat":[964],"product_tag":[731,1008,953,972,1004,1007,730,1006,830],"class_list":{"0":"post-6127","1":"product","2":"type-product","3":"status-publish","4":"has-post-thumbnail","6":"product_cat-prirodnakozmetika","7":"product_tag-hidratacija-koze","8":"product_tag-mirisno-ulje","9":"product_tag-nega-koze","10":"product_tag-nega-koze-nakon-suncanja","11":"product_tag-prirodni-lek","12":"product_tag-prirodni-preparat","13":"product_tag-regeneracija-koze","14":"product_tag-suva-koza","15":"product_tag-vitalia-farm","17":"first","18":"instock","19":"taxable","20":"shipping-taxable","21":"purchasable","22":"product-type-simple"},"jetpack_sharing_enabled":true,"_links":{"self":[{"href":"https:\/\/www.vitalove.rs\/en\/wp-json\/wp\/v2\/product\/6127","targetHints":{"allow":["GET"]}}],"collection":[{"href":"https:\/\/www.vitalove.rs\/en\/wp-json\/wp\/v2\/product"}],"about":[{"href":"https:\/\/www.vitalove.rs\/en\/wp-json\/wp\/v2\/types\/product"}],"replies":[{"embeddable":true,"href":"https:\/\/www.vitalove.rs\/en\/wp-json\/wp\/v2\/comments?post=6127"}],"wp:featuredmedia":[{"embeddable":true,"href":"https:\/\/www.vitalove.rs\/en\/wp-json\/wp\/v2\/media\/6137"}],"wp:attachment":[{"href":"https:\/\/www.vitalove.rs\/en\/wp-json\/wp\/v2\/media?parent=6127"}],"wp:term":[{"taxonomy":"product_brand","embeddable":true,"href":"https:\/\/www.vitalove.rs\/en\/wp-json\/wp\/v2\/product_brand?post=6127"},{"taxonomy":"product_cat","embeddable":true,"href":"https:\/\/www.vitalove.rs\/en\/wp-json\/wp\/v2\/product_cat?post=6127"},{"taxonomy":"product_tag","embeddable":true,"href":"https:\/\/www.vitalove.rs\/en\/wp-json\/wp\/v2\/product_tag?post=6127"}],"curies":[{"name":"wp","href":"https:\/\/api.w.org\/{rel}","templated":true}]}}