
{"id":6140,"date":"2024-08-13T13:25:47","date_gmt":"2024-08-13T11:25:47","guid":{"rendered":"https:\/\/www.vitalove.rs\/?post_type=product&#038;p=6140"},"modified":"2026-04-03T11:23:09","modified_gmt":"2026-04-03T09:23:09","slug":"dark-musk-prirodni-dezodorans","status":"publish","type":"product","link":"https:\/\/www.vitalove.rs\/en\/prodavnica\/prirodnakozmetika\/dark-musk-prirodni-dezodorans\/","title":{"rendered":"Dark Musk &#8211; prirodni mu\u0161ki dezodorans"},"content":{"rendered":"<p><span style=\"font-family: Times New Roman, serif;\"><b>Sastojci: <\/b><\/span><span style=\"color: #000000;\"><span style=\"font-family: Times New Roman, serif;\">Caprylic\/Capric Triglyceride (emolijens prirodnog porekla), <\/span><\/span><span style=\"font-family: Times New Roman, serif;\">Maydis Amylum (kukuruzni skrob), Cera Alba (p\u010delinji vosak), Butyrospermum Parkii (Shea) Butter, Cocos Nucifera (Coconut) Oil (kokosovo ulje), Sodium Bicarbonate (soda bikarbona)<\/span><span style=\"color: #000000;\"><span style=\"font-family: Times New Roman, serif;\">, <\/span><\/span><span style=\"font-family: Times New Roman, serif;\">Parfum (mirisno ulje dark musk), Tocopheryl Acetate (vitamin E), *a-Isomethyl Ionone, *Benzyl Benzoate, *Benzyl Salicylate, * Cinnamal, * Citral, * Citronellol, * Eugenol, *Hexyl Cinnamal, *Butylphenyl Methylpropional, *Linallol.<\/span><\/p>\n<p><span style=\"font-family: Times New Roman, serif;\">*sastojci mirisnog ulja<\/span><i> <\/i><\/p>\n<p><span style=\"font-family: Times New Roman, serif;\"><b>Na\u010din upotrebe<\/b><\/span><span style=\"font-family: Times New Roman, serif;\">: Naneti na \u010distu i suvu ko\u017eu. Izbegavati nano\u0161enje neposredno nakon depilacije i na o\u0161te\u0107enu ko\u017eu. <\/span><\/p>\n<p><span style=\"font-family: Times New Roman, serif;\"><b>Na\u010din \u010duvanja:<\/b><\/span><span style=\"font-family: Times New Roman, serif;\"> \u010cuvati na sobnoj temperaturi. <\/span><\/p>\n<p><span style=\"font-family: Times New Roman, serif;\"><b>Pakovanje: 30 gr<\/b><\/span><\/p>\n<p><span style=\"font-family: Times New Roman, serif;\"><i>Osobama sa izrazito osetljivom ko\u017eom na odre\u0111ene alergene savetujemo oprez i prethodno testiranje dezodoransa na ko\u017ei jer u sastav mirisnog ulja dark musk ulaze alergeni: a-Isomethyl Ionone, Benzyl Benzoate, Benzyl Salicylate, Cinnamal, Citral, Citronellol, Eugenol, Hexyl Cinnamal, Butylphenyl Methylpropional, Linallol.<\/i><\/span><\/p>","protected":false},"excerpt":{"rendered":"<p><span style=\"font-family: Times New Roman, serif;\">Prirodni dezodorans u stiku veoma efikasno neutrali\u0161e neprijatne mirise i\u00a0<\/span><span style=\"font-family: Times New Roman, serif;\">ne spre\u010dava normalnu funkciju znojenja<\/span><span style=\"font-family: Times New Roman, serif;\">. Izra\u0111en je od prirodnih ulja i butera, ne sadr\u017ei alkohol, parabene i soli aluminijuma. <\/span><\/p>\n<p><span style=\"font-family: Times New Roman, serif;\">Zahvaljuju\u0107i konstantnom unapre\u0111enju formulacije postignuta je visoka efikasnost i dobra razmazivost. Koriste\u0107i minimalan sadr\u017eaj masno\u0107a smanjena je mogu\u0107nost stvaranja masnih fleka na ode\u0107i.<\/span><\/p>","protected":false},"featured_media":6141,"comment_status":"open","ping_status":"closed","template":"","meta":[],"product_brand":[],"product_cat":[964],"product_tag":[1014,1005,1013,1004,1007,830],"class_list":{"0":"post-6140","1":"product","2":"type-product","3":"status-publish","4":"has-post-thumbnail","6":"product_cat-prirodnakozmetika","7":"product_tag-lek-iz-prirode","8":"product_tag-priroda","9":"product_tag-prirodni-dezodorans","10":"product_tag-prirodni-lek","11":"product_tag-prirodni-preparat","12":"product_tag-vitalia-farm","14":"first","15":"instock","16":"taxable","17":"shipping-taxable","18":"purchasable","19":"product-type-simple"},"jetpack_sharing_enabled":true,"_links":{"self":[{"href":"https:\/\/www.vitalove.rs\/en\/wp-json\/wp\/v2\/product\/6140","targetHints":{"allow":["GET"]}}],"collection":[{"href":"https:\/\/www.vitalove.rs\/en\/wp-json\/wp\/v2\/product"}],"about":[{"href":"https:\/\/www.vitalove.rs\/en\/wp-json\/wp\/v2\/types\/product"}],"replies":[{"embeddable":true,"href":"https:\/\/www.vitalove.rs\/en\/wp-json\/wp\/v2\/comments?post=6140"}],"wp:featuredmedia":[{"embeddable":true,"href":"https:\/\/www.vitalove.rs\/en\/wp-json\/wp\/v2\/media\/6141"}],"wp:attachment":[{"href":"https:\/\/www.vitalove.rs\/en\/wp-json\/wp\/v2\/media?parent=6140"}],"wp:term":[{"taxonomy":"product_brand","embeddable":true,"href":"https:\/\/www.vitalove.rs\/en\/wp-json\/wp\/v2\/product_brand?post=6140"},{"taxonomy":"product_cat","embeddable":true,"href":"https:\/\/www.vitalove.rs\/en\/wp-json\/wp\/v2\/product_cat?post=6140"},{"taxonomy":"product_tag","embeddable":true,"href":"https:\/\/www.vitalove.rs\/en\/wp-json\/wp\/v2\/product_tag?post=6140"}],"curies":[{"name":"wp","href":"https:\/\/api.w.org\/{rel}","templated":true}]}}