
{"id":6142,"date":"2024-08-13T13:30:08","date_gmt":"2024-08-13T11:30:08","guid":{"rendered":"https:\/\/www.vitalove.rs\/?post_type=product&#038;p=6142"},"modified":"2025-07-04T16:41:56","modified_gmt":"2025-07-04T14:41:56","slug":"ruza-tonik-za-lice","status":"publish","type":"product","link":"https:\/\/www.vitalove.rs\/en\/prodavnica\/prirodnakozmetika\/ruza-tonik-za-lice\/","title":{"rendered":"Ru\u017ea &#8211; tonik za lice"},"content":{"rendered":"<p><span style=\"font-family: Times New Roman, serif;\"><b>Sastojci:<\/b><\/span> <span style=\"color: #000000;\"><span style=\"font-family: Times New Roman, serif;\">Rosa Damascena Flower Water (hidrolat ru\u017ee), Glycerin, Benzyl Alcohol and Dehydroacetic Acid (<\/span><\/span><span style=\"color: #000000;\"><span style=\"font-family: Open Sans, serif;\"><span style=\"font-size: small;\">*<\/span><\/span><\/span><span style=\"color: #000000;\"><span style=\"font-family: Times New Roman, serif;\">Geogard 221), Allantoin<\/span><\/span><span style=\"color: #000000;\"><span style=\"font-family: Open Sans, serif;\"><span style=\"font-size: small;\">.<\/span><\/span><\/span><\/p>\n<p><span style=\"color: #000000;\"><span style=\"font-family: Open Sans, serif;\"><span style=\"font-size: small;\">* <\/span><\/span><\/span><span style=\"font-family: Times New Roman, serif;\">konzervans dozvoljen u prirodnoj kozmetici<\/span><\/p>\n<p><span style=\"font-family: Times New Roman, serif;\"><b>Na\u010din upotrebe:<\/b><\/span><span style=\"font-family: Times New Roman, serif;\"> Tonik naneti tuferom na \u010disto lice pre seruma. Mo\u017ee se koristiti vi\u0161e puta u toku dana.<\/span><\/p>\n<p><span style=\"font-family: Times New Roman, serif;\"><b>Na\u010din \u010duvanja:<\/b><\/span><span style=\"font-family: Times New Roman, serif;\"> \u010cuvati na sobnoj temperaturi. <\/span><\/p>\n<p><span style=\"font-family: Times New Roman, serif;\"><b>Pakovanje: 50 ml<\/b><\/span><\/p>","protected":false},"excerpt":{"rendered":"<p><span style=\"font-family: Times New Roman, serif;\">Prirodni tonik za lice je na bazi hidrolata ru\u017ee koji je nastao prilikom destilacije etarskog ulja ru\u017ee pa samim tim ne sadr\u017ei alkohol i ne iritira ko\u017eu. Obezbe\u0111uje dubinsku hidrataciju, blago \u010disti i osve\u017eava ko\u017eu, uklanja zaostale ne\u010disto\u0107e iz pora i su\u017eava ih. <\/span><\/p>\n<p><span style=\"font-family: Times New Roman, serif;\"><b>Preporu\u010duje se za:<\/b><\/span><\/p>\n<ul>\n<li><span style=\"font-family: Times New Roman, serif;\">negu suve i zrele ko\u017ee<\/span><\/li>\n<\/ul>\n<p><span style=\"font-family: Times New Roman, serif;\"><b>Redovna upotreba tonika doprinosi:<\/b><\/span><\/p>\n<ul>\n<li><span style=\"font-family: Times New Roman, serif;\">umanjenju znakova starenja<\/span><\/li>\n<li><span style=\"font-family: Times New Roman, serif;\">umirenju upalnih procesa i iritacije ko\u017ee<\/span><\/li>\n<li><span style=\"font-family: Times New Roman, serif;\">zarastanju manjih o\u0161te\u0107enja<\/span><\/li>\n<\/ul>","protected":false},"featured_media":6144,"comment_status":"open","ping_status":"closed","template":"","meta":[],"product_brand":[],"product_cat":[964],"product_tag":[702,1004,1007,1016,1018,1017,1015,830,1019],"class_list":{"0":"post-6142","1":"product","2":"type-product","3":"status-publish","4":"has-post-thumbnail","6":"product_cat-prirodnakozmetika","7":"product_tag-iritacija-koze","8":"product_tag-prirodni-lek","9":"product_tag-prirodni-preparat","10":"product_tag-prirodni-tonik","11":"product_tag-smirenje-upala","12":"product_tag-tonik-ruza","13":"product_tag-tonik-za-lice","14":"product_tag-vitalia-farm","15":"product_tag-zarastanje","17":"first","18":"instock","19":"taxable","20":"shipping-taxable","21":"purchasable","22":"product-type-simple"},"jetpack_sharing_enabled":true,"_links":{"self":[{"href":"https:\/\/www.vitalove.rs\/en\/wp-json\/wp\/v2\/product\/6142","targetHints":{"allow":["GET"]}}],"collection":[{"href":"https:\/\/www.vitalove.rs\/en\/wp-json\/wp\/v2\/product"}],"about":[{"href":"https:\/\/www.vitalove.rs\/en\/wp-json\/wp\/v2\/types\/product"}],"replies":[{"embeddable":true,"href":"https:\/\/www.vitalove.rs\/en\/wp-json\/wp\/v2\/comments?post=6142"}],"wp:featuredmedia":[{"embeddable":true,"href":"https:\/\/www.vitalove.rs\/en\/wp-json\/wp\/v2\/media\/6144"}],"wp:attachment":[{"href":"https:\/\/www.vitalove.rs\/en\/wp-json\/wp\/v2\/media?parent=6142"}],"wp:term":[{"taxonomy":"product_brand","embeddable":true,"href":"https:\/\/www.vitalove.rs\/en\/wp-json\/wp\/v2\/product_brand?post=6142"},{"taxonomy":"product_cat","embeddable":true,"href":"https:\/\/www.vitalove.rs\/en\/wp-json\/wp\/v2\/product_cat?post=6142"},{"taxonomy":"product_tag","embeddable":true,"href":"https:\/\/www.vitalove.rs\/en\/wp-json\/wp\/v2\/product_tag?post=6142"}],"curies":[{"name":"wp","href":"https:\/\/api.w.org\/{rel}","templated":true}]}}