
{"id":6145,"date":"2024-08-13T13:32:57","date_gmt":"2024-08-13T11:32:57","guid":{"rendered":"https:\/\/www.vitalove.rs\/?post_type=product&#038;p=6145"},"modified":"2025-07-04T16:41:46","modified_gmt":"2025-07-04T14:41:46","slug":"smilje-tonik-za-lice","status":"publish","type":"product","link":"https:\/\/www.vitalove.rs\/en\/prodavnica\/prirodnakozmetika\/smilje-tonik-za-lice\/","title":{"rendered":"Smilje &#8211; tonik za lice"},"content":{"rendered":"<p><span style=\"font-family: Times New Roman, serif;\"><b>Sastojci:<\/b><\/span> <span style=\"color: #000000;\"><span style=\"font-family: Times New Roman, serif;\">Helichrysum Italicum Flower Water (hidrolat smilja), Glycerin, Niacinamid, Benzyl Alcohol (and) Dehydroacetic Acid (and) Water (<\/span><\/span><span style=\"color: #000000;\"><span style=\"font-family: Open Sans, serif;\"><span style=\"font-size: small;\">*<\/span><\/span><\/span><span style=\"color: #000000;\"><span style=\"font-family: Times New Roman, serif;\">Geogard 221), Allantoin<\/span><\/span><span style=\"color: #000000;\"><span style=\"font-family: Open Sans, serif;\"><span style=\"font-size: small;\">.<\/span><\/span><\/span><\/p>\n<p><span style=\"color: #000000;\"><span style=\"font-family: Open Sans, serif;\"><span style=\"font-size: small;\">* <\/span><\/span><\/span><span style=\"font-family: Times New Roman, serif;\">konzervans dozvoljen u prirodnoj kozmetici<\/span><\/p>\n<p><span style=\"font-family: Times New Roman, serif;\"><b>Na\u010din upotrebe:<\/b><\/span><span style=\"font-family: Times New Roman, serif;\"> Tonik naneti tuferom na \u010disto lice pre seruma. Koristi se najvi\u0161e dva puta u toku dana.<\/span><\/p>\n<p><span style=\"font-family: Times New Roman, serif;\"><b>Na\u010din \u010duvanja:<\/b><\/span><span style=\"font-family: Times New Roman, serif;\"> \u010cuvati na sobnoj temperaturi. <\/span><\/p>\n<p><span style=\"font-family: Times New Roman, serif;\"><b>Pakovanje: 50 ml<\/b><\/span><\/p>","protected":false},"excerpt":{"rendered":"<p><span style=\"font-family: Times New Roman, serif;\">Prirodni tonik za lice je na bazi hidrolata smilja koji je nastao prilikom destilacije etarskog ulja smilja pa samim tim ne sadr\u017ei alkohol i ne iritira ko\u017eu.<\/span><\/p>\n<p><span style=\"font-family: Times New Roman, serif;\">Tonik sadr\u017ei niacinamid koji stimuli\u0161e sintezu kolagena, umanjuje crvenilo ko\u017ee i pomo\u0107 je kod hiperpigmentacije.<\/span><\/p>\n<p><span style=\"font-family: Times New Roman, serif;\"><b>Preporu\u010duje se za:<\/b><\/span><\/p>\n<ul>\n<li><span style=\"font-family: Times New Roman, serif;\">negu svih tipova ko\u017ee<\/span><\/li>\n<li><span style=\"font-family: Times New Roman, serif;\">negu ko\u017ee sklone crvenilu i hiperpigmentaciji<\/span><\/li>\n<\/ul>\n<p><span style=\"font-family: Times New Roman, serif;\"><b>Redovna upotreba tonika doprinosi:<\/b><\/span><\/p>\n<ul>\n<li><span style=\"font-family: Times New Roman, serif;\">regeneraciji ko\u017ee i umanjenju znakova starenja ko\u017ee<\/span><\/li>\n<li><span style=\"font-family: Times New Roman, serif;\">umirenju upalnih procesa i iritacije ko\u017ee<\/span><\/li>\n<li><span style=\"font-family: Times New Roman, serif;\">zarastanju manjih o\u0161te\u0107enja<\/span><\/li>\n<li><span style=\"font-family: Times New Roman, serif;\">umanjenje znakova hiperpigmentacije<\/span><\/li>\n<\/ul>","protected":false},"featured_media":6146,"comment_status":"open","ping_status":"closed","template":"","meta":[],"product_brand":[],"product_cat":[964],"product_tag":[1021,953,1004,1007,1015,1020,830],"class_list":{"0":"post-6145","1":"product","2":"type-product","3":"status-publish","4":"has-post-thumbnail","6":"product_cat-prirodnakozmetika","7":"product_tag-hiperpigmentacija","8":"product_tag-nega-koze","9":"product_tag-prirodni-lek","10":"product_tag-prirodni-preparat","11":"product_tag-tonik-za-lice","12":"product_tag-umirenje-upala","13":"product_tag-vitalia-farm","15":"first","16":"instock","17":"taxable","18":"shipping-taxable","19":"purchasable","20":"product-type-simple"},"jetpack_sharing_enabled":true,"_links":{"self":[{"href":"https:\/\/www.vitalove.rs\/en\/wp-json\/wp\/v2\/product\/6145","targetHints":{"allow":["GET"]}}],"collection":[{"href":"https:\/\/www.vitalove.rs\/en\/wp-json\/wp\/v2\/product"}],"about":[{"href":"https:\/\/www.vitalove.rs\/en\/wp-json\/wp\/v2\/types\/product"}],"replies":[{"embeddable":true,"href":"https:\/\/www.vitalove.rs\/en\/wp-json\/wp\/v2\/comments?post=6145"}],"wp:featuredmedia":[{"embeddable":true,"href":"https:\/\/www.vitalove.rs\/en\/wp-json\/wp\/v2\/media\/6146"}],"wp:attachment":[{"href":"https:\/\/www.vitalove.rs\/en\/wp-json\/wp\/v2\/media?parent=6145"}],"wp:term":[{"taxonomy":"product_brand","embeddable":true,"href":"https:\/\/www.vitalove.rs\/en\/wp-json\/wp\/v2\/product_brand?post=6145"},{"taxonomy":"product_cat","embeddable":true,"href":"https:\/\/www.vitalove.rs\/en\/wp-json\/wp\/v2\/product_cat?post=6145"},{"taxonomy":"product_tag","embeddable":true,"href":"https:\/\/www.vitalove.rs\/en\/wp-json\/wp\/v2\/product_tag?post=6145"}],"curies":[{"name":"wp","href":"https:\/\/api.w.org\/{rel}","templated":true}]}}