
{"id":6147,"date":"2024-08-13T13:36:20","date_gmt":"2024-08-13T11:36:20","guid":{"rendered":"https:\/\/www.vitalove.rs\/?post_type=product&#038;p=6147"},"modified":"2025-07-04T16:41:36","modified_gmt":"2025-07-04T14:41:36","slug":"serum-za-lice-za-normalnu-i-suvu-kozu","status":"publish","type":"product","link":"https:\/\/www.vitalove.rs\/en\/prodavnica\/prirodnakozmetika\/serum-za-lice-za-normalnu-i-suvu-kozu\/","title":{"rendered":"Serum za lice &#8211; za normalnu i suvu ko\u017eu"},"content":{"rendered":"<p><span style=\"font-family: Times New Roman, serif;\"><b>Sastojci:<\/b><\/span><span style=\"font-family: Times New Roman, serif;\"> Prunus Amygdalus Dulcis Oil (ulje badema), <\/span><span style=\"color: #000000;\"><span style=\"font-family: Times New Roman, serif;\">Caprylic\/Capric Triglyceride (emolijens prirodnog porekla), <\/span><\/span><span style=\"font-family: Times New Roman, serif;\">Vitis Vinifera<\/span> <span style=\"font-family: Times New Roman, serif;\">Seed Oil (ulje semenki gro\u017e\u0111a), <\/span><span style=\"color: #000000;\"><span style=\"font-family: Times New Roman, serif;\">Simmondsia Chinensis (Jojoba) Seed Oil (ulje jojobe), <\/span><\/span><span style=\"font-family: Times New Roman, serif;\">Prunus Domestica Seed Oil (ulje ko\u0161tica \u0161ljive), Macadamia Integrifolia Seed Oil (ulje makadamije), <\/span><span style=\"color: #000000;\"><span style=\"font-family: Times New Roman, serif;\">Cannabis Sativa Seed Oil (ulje konoplje), <\/span><\/span><span style=\"font-family: Times New Roman, serif;\">Rosa Rubiginosa Seed Oil (ulje divlje ru\u017ee), <\/span><span style=\"font-family: Times New Roman, serif;\">Tocopheryl Acetate (vitamin E), Rosmarinus Officinalis Leaf Extract (ekstrakt ruzmarina).<\/span><\/p>\n<p><span style=\"font-family: Times New Roman, serif;\"><b>Na\u010din upotrebe:<\/b><\/span><span style=\"font-family: Times New Roman, serif;\"> Nekoliko kapi seruma umasirati na \u010distu i vla\u017enu ko\u017eu lica. <\/span><\/p>\n<p><span style=\"font-family: Times New Roman, serif;\"><b>Na\u010din \u010duvanja:<\/b><\/span><span style=\"font-family: Times New Roman, serif;\"> \u010cuvati na sobnoj temperaturi. <\/span><\/p>\n<p><span style=\"font-family: Times New Roman, serif;\"><b>Pakovanje: 30 ml<\/b><\/span><\/p>","protected":false},"excerpt":{"rendered":"<p><span style=\"font-family: Times New Roman, serif;\">Formulisan je kao anti age serum za lice jer sadr\u017ei biljna ulja koja stimuli\u0161u sintezu kolagena i koja su neophodna <\/span><span style=\"color: #010f19;\"><span style=\"font-family: Times New Roman, serif;\">za intenzivnu <\/span><\/span><span style=\"font-family: Times New Roman, serif;\">ishranu<\/span><span style=\"color: #010f19;\"><span style=\"font-family: Times New Roman, serif;\">, hidrataciju i regeneraciju ko\u017ee. Ko\u017ea postaje meka, elasti\u010dna i glatka.<\/span><\/span><\/p>\n<p><span style=\"color: #010f19;\"><span style=\"font-family: Times New Roman, serif;\">Ne sadr\u017ei etarska ni mirisna ulja pa je pogodan i za osobe koje su osetljive na njih. Blag miris poti\u010de od ulja ko\u0161tica \u0161ljive koje ujedno ima izra\u017eenu regenerativnu sposobnost.<\/span><\/span><\/p>\n<p><span style=\"font-family: Times New Roman, serif;\"><b>Preporu\u010duje se za:<\/b><\/span><\/p>\n<ul>\n<li><span style=\"font-family: Times New Roman, serif;\">negu suve i normalne ko\u017ee<\/span><\/li>\n<li><span style=\"font-family: Times New Roman, serif;\">za regeneraciju ko\u017ee<\/span><\/li>\n<\/ul>\n<p><span style=\"font-family: Times New Roman, serif;\"><b>Redovna upotreba seruma doprinosi:<\/b><\/span><\/p>\n<ul>\n<li><span style=\"font-family: Times New Roman, serif;\">pobolj\u0161anju elasti\u010dnosti ko\u017ee koja postaje meka i glatka<\/span><\/li>\n<li><span style=\"font-family: Times New Roman, serif;\">smanjenju transepidermalnog gubitka vlage<\/span><\/li>\n<li><span style=\"font-family: Times New Roman, serif;\">pove\u0107anju otpornosti hidrolipidnog sloja ko\u017ee na spolja\u0161nje uticaje<\/span><\/li>\n<li><span style=\"font-family: Times New Roman, serif;\">spre\u010davanju stvaranja bora i umanjenju ve\u0107 postoje\u0107ih<\/span><\/li>\n<\/ul>","protected":false},"featured_media":6148,"comment_status":"open","ping_status":"closed","template":"","meta":[],"product_brand":[],"product_cat":[964],"product_tag":[968,953,1004,1007,730,1022,830,1023],"class_list":{"0":"post-6147","1":"product","2":"type-product","3":"status-publish","4":"has-post-thumbnail","6":"product_cat-prirodnakozmetika","7":"product_tag-elasticnost-koze","8":"product_tag-nega-koze","9":"product_tag-prirodni-lek","10":"product_tag-prirodni-preparat","11":"product_tag-regeneracija-koze","12":"product_tag-serum-za-lice","13":"product_tag-vitalia-farm","14":"product_tag-za-normalnu-i-suvu-kozu","16":"first","17":"instock","18":"taxable","19":"shipping-taxable","20":"purchasable","21":"product-type-simple"},"jetpack_sharing_enabled":true,"_links":{"self":[{"href":"https:\/\/www.vitalove.rs\/en\/wp-json\/wp\/v2\/product\/6147","targetHints":{"allow":["GET"]}}],"collection":[{"href":"https:\/\/www.vitalove.rs\/en\/wp-json\/wp\/v2\/product"}],"about":[{"href":"https:\/\/www.vitalove.rs\/en\/wp-json\/wp\/v2\/types\/product"}],"replies":[{"embeddable":true,"href":"https:\/\/www.vitalove.rs\/en\/wp-json\/wp\/v2\/comments?post=6147"}],"wp:featuredmedia":[{"embeddable":true,"href":"https:\/\/www.vitalove.rs\/en\/wp-json\/wp\/v2\/media\/6148"}],"wp:attachment":[{"href":"https:\/\/www.vitalove.rs\/en\/wp-json\/wp\/v2\/media?parent=6147"}],"wp:term":[{"taxonomy":"product_brand","embeddable":true,"href":"https:\/\/www.vitalove.rs\/en\/wp-json\/wp\/v2\/product_brand?post=6147"},{"taxonomy":"product_cat","embeddable":true,"href":"https:\/\/www.vitalove.rs\/en\/wp-json\/wp\/v2\/product_cat?post=6147"},{"taxonomy":"product_tag","embeddable":true,"href":"https:\/\/www.vitalove.rs\/en\/wp-json\/wp\/v2\/product_tag?post=6147"}],"curies":[{"name":"wp","href":"https:\/\/api.w.org\/{rel}","templated":true}]}}