
{"id":6149,"date":"2024-08-13T13:41:45","date_gmt":"2024-08-13T11:41:45","guid":{"rendered":"https:\/\/www.vitalove.rs\/?post_type=product&#038;p=6149"},"modified":"2025-07-04T16:41:02","modified_gmt":"2025-07-04T14:41:02","slug":"ruzmarin-ulje-za-negu-kose","status":"publish","type":"product","link":"https:\/\/www.vitalove.rs\/en\/prodavnica\/prirodnakozmetika\/ruzmarin-ulje-za-negu-kose\/","title":{"rendered":"Ruzmarin &#8211; ulje za negu kose"},"content":{"rendered":"<p><span style=\"font-family: Times New Roman, serif;\"><b>Sastojci:<\/b><\/span> <span style=\"color: #000000;\"><span style=\"font-family: Times New Roman, serif;\">\u00a0<\/span><\/span> <span style=\"font-family: Times New Roman, serif;\">Prunus Amygdalus Dulcis Oil (ulje badema),<\/span> <span style=\"font-family: Times New Roman, serif;\">Macadamia Integrifolia Seed Oil (ulje makadamije),<\/span> <span style=\"color: #000000;\"><span style=\"font-family: Times New Roman, serif;\">Argania Spinosa Kernel Oil (ulje argana), Simmondsia Chinensis (Jojoba) Seed Oil (ulje jojobe), Persea Gratissima Oil (ulje avokada), Ricinus Communis <\/span><\/span><span style=\"font-family: Times New Roman, serif;\">(Castor) <\/span><span style=\"color: #000000;\"><span style=\"font-family: Times New Roman, serif;\">Seed Oil (ulje ricinusa), <\/span><\/span><span style=\"font-family: Times New Roman, serif;\"> Lavandula Hybrida (Lavandin) Oil (etarsko ulje lavanda), Rosmarinus Officinalis (Rosemary) Leaf Oil (etarsko ulje ruzmarina), Tocopheryl Acetate (vitamin E), Rosmarinus Officinalis Leaf Extract (ekstrakt ruzmarina), *Linalool, *Limonene, *Geraniol. <\/span><\/p>\n<p><span style=\"font-family: Times New Roman, serif;\">*sastojci etarskih ulja<\/span><i> <\/i><\/p>\n<p><span style=\"font-family: Times New Roman, serif;\"><b>Na\u010din upotrebe:<\/b><\/span><span style=\"font-family: Times New Roman, serif;\"> Ulje umasirati u koren i naneti na kosu pola sata pre pranja.<\/span><\/p>\n<p><span style=\"font-family: Times New Roman, serif;\"><b>Na\u010din \u010duvanja:<\/b><\/span><span style=\"font-family: Times New Roman, serif;\"> \u010cuvati na sobnoj temperaturi. <\/span><\/p>\n<p><span style=\"font-family: Times New Roman, serif;\"><b>Pakovanje: 50 ml<\/b><\/span><\/p>\n<p><span style=\"font-family: Times New Roman, serif;\"><i>Osobama sa izrazito osetljivom ko\u017eom na odre\u0111ene alergene savetujemo oprez i prethodno testiranje ulja na temen jer u sastav etarskog ulja lavande i ruzmarina ulaze alergeni: Linalool, Limonene, Geraniol.<\/i><\/span><\/p>","protected":false},"excerpt":{"rendered":"<p><span style=\"font-family: Times New Roman, serif;\">Sadr\u017ei kombinaciju biljnih i etarskih ulja koja umanjuju prekomerno opadanje kose, stimuli\u0161u rast kose i reguli\u0161u lu\u010denje sebuma. Tako\u0111e sadr\u017ei biljna ulja koja ja\u010daju folikul dlake, \u010dine kosu sjajnom, mekom i otpornom na isu\u0161ivanje i pucanje.<\/span><\/p>\n<p><span style=\"font-family: Times New Roman, serif;\">Etarsko ulje lavande poseduje antisepti\u010dka svojstva \u0161to dovodi do smanjenja pojave peruti.<\/span><\/p>\n<p><span style=\"font-family: Times New Roman, serif;\">Etarsko ulje ruzmarina poseduje antigljivi\u010dna svojstva pa je efikasno u tretmanima peruti. Tako\u0111e spre\u010dava prekomerno opadanje kose i stimuli\u0161e rast kose.<\/span><\/p>\n<p><span style=\"font-family: Times New Roman, serif;\"><b>Preporu\u010duje se za:<\/b><\/span><\/p>\n<ul>\n<li><span style=\"font-family: Times New Roman, serif;\">negu svih tipova kose<\/span><\/li>\n<li><span style=\"font-family: Times New Roman, serif;\">kod prekomernog opadanja kose<\/span><\/li>\n<\/ul>\n<p><span style=\"font-family: Times New Roman, serif;\"><b>Redovna upotreba ulja doprinosi:<\/b><\/span><\/p>\n<ul>\n<li><span style=\"font-family: Times New Roman, serif;\">smanjenju prekomernog opadanja kose<\/span><\/li>\n<li><span style=\"font-family: Times New Roman, serif;\">smanjenju stvaranja peruti<\/span><\/li>\n<li><span style=\"font-family: Times New Roman, serif;\">regulisanju lu\u010denja sebuma<\/span><\/li>\n<li><span style=\"font-family: Times New Roman, serif;\">stimulisanju rasta kose<\/span><\/li>\n<\/ul>","protected":false},"featured_media":6150,"comment_status":"open","ping_status":"closed","template":"","meta":[],"product_brand":[],"product_cat":[964],"product_tag":[1028,1025,1029,1004,1007,521,1026,1027,1024,830],"class_list":{"0":"post-6149","1":"product","2":"type-product","3":"status-publish","4":"has-post-thumbnail","6":"product_cat-prirodnakozmetika","7":"product_tag-nega-kose","8":"product_tag-opadanje-kose","9":"product_tag-prekomerno-opadanje-kose","10":"product_tag-prirodni-lek","11":"product_tag-prirodni-preparat","12":"product_tag-ruzmarin","13":"product_tag-smanjenje-peruti","14":"product_tag-stimulacija-rasta-kose","15":"product_tag-ulje-za-negu-kose","16":"product_tag-vitalia-farm","18":"first","19":"instock","20":"taxable","21":"shipping-taxable","22":"purchasable","23":"product-type-simple"},"jetpack_sharing_enabled":true,"_links":{"self":[{"href":"https:\/\/www.vitalove.rs\/en\/wp-json\/wp\/v2\/product\/6149","targetHints":{"allow":["GET"]}}],"collection":[{"href":"https:\/\/www.vitalove.rs\/en\/wp-json\/wp\/v2\/product"}],"about":[{"href":"https:\/\/www.vitalove.rs\/en\/wp-json\/wp\/v2\/types\/product"}],"replies":[{"embeddable":true,"href":"https:\/\/www.vitalove.rs\/en\/wp-json\/wp\/v2\/comments?post=6149"}],"wp:featuredmedia":[{"embeddable":true,"href":"https:\/\/www.vitalove.rs\/en\/wp-json\/wp\/v2\/media\/6150"}],"wp:attachment":[{"href":"https:\/\/www.vitalove.rs\/en\/wp-json\/wp\/v2\/media?parent=6149"}],"wp:term":[{"taxonomy":"product_brand","embeddable":true,"href":"https:\/\/www.vitalove.rs\/en\/wp-json\/wp\/v2\/product_brand?post=6149"},{"taxonomy":"product_cat","embeddable":true,"href":"https:\/\/www.vitalove.rs\/en\/wp-json\/wp\/v2\/product_cat?post=6149"},{"taxonomy":"product_tag","embeddable":true,"href":"https:\/\/www.vitalove.rs\/en\/wp-json\/wp\/v2\/product_tag?post=6149"}],"curies":[{"name":"wp","href":"https:\/\/api.w.org\/{rel}","templated":true}]}}