
{"id":6151,"date":"2024-08-13T13:45:03","date_gmt":"2024-08-13T11:45:03","guid":{"rendered":"https:\/\/www.vitalove.rs\/?post_type=product&#038;p=6151"},"modified":"2026-04-03T11:35:28","modified_gmt":"2026-04-03T09:35:28","slug":"micelarna-voda","status":"publish","type":"product","link":"https:\/\/www.vitalove.rs\/en\/prodavnica\/prirodnakozmetika\/micelarna-voda\/","title":{"rendered":"Micelarna voda"},"content":{"rendered":"<p><span style=\"font-family: Times New Roman, serif;\"><b>Sastojci:<\/b><\/span> <span style=\"color: #000000;\"><span style=\"font-family: Times New Roman, serif;\">Aqua, D-panthenol (pantenol), <\/span><\/span>Chamomilla Flower Extract (ekstrakt cveta kamilice)<span style=\"color: #000000;\"><span style=\"font-family: Times New Roman, serif;\">, Calendula Officinalis Flower Extract (ekstrakt nevena), Glycerin, Coco Glucoside, Benzyl Alcohol (and) Dehydroacetic Acid (and) Water (*Geogard 221).<\/span><\/span><\/p>\n<p><span style=\"color: #000000;\"> <span style=\"font-family: Open Sans, serif;\"><span style=\"font-size: small;\">* <\/span><\/span><\/span><span style=\"font-family: Times New Roman, serif;\">konzervans dozvoljen u prirodnoj kozmetici<\/span><\/p>\n<p><span style=\"font-family: Times New Roman, serif;\"><b>Na\u010din upotrebe:<\/b><\/span><span style=\"font-family: Times New Roman, serif;\"> Micelarnu vodu naneti na pamu\u010dni tufer i ne\u017eno o\u010distiti lice. Ponavljati postupak dok tufer ne ostane \u010dist. Isprati lice vodom.<\/span><\/p>\n<p><span style=\"font-family: Times New Roman, serif;\"><b>Na\u010din \u010duvanja:<\/b><\/span><span style=\"font-family: Times New Roman, serif;\"> \u010cuvati na sobnoj temperaturi. <\/span><\/p>\n<p><span style=\"font-family: Times New Roman, serif;\"><b>Pakovanje: 200 ml<\/b><\/span><\/p>","protected":false},"excerpt":{"rendered":"<p><a name=\"Bookmark\"><\/a><span style=\"font-family: Times New Roman, serif;\">Prirodna micelarna voda efikasno uklanja \u0161minku i \u010disti lice bez agresivnih povr\u0161inski aktivnih supstanci (surfaktanti) i alkohola. Koko glukozid je blag surfaktant prirodnog porekla koji je pogodan za primenu kod osetljive ko\u017ee a ujedno je veoma efikasan. Pru\u017ea dubinsko \u010di\u0161\u0107enje i poma\u017ee u odr\u017eavanju hidratacije ko\u017ee. Micelarna voda sadr\u017ei jo\u0161 i pantenol koji je ovla\u017eiva\u010d ko\u017ee i podsti\u010de njenu regeneraciju, a ekstrakti nevena i kamilice imaju umiruju\u0107e dejstvo.<\/span><\/p>\n<p><span style=\"font-family: Times New Roman, serif;\"><b>Preporu\u010duje se za:<\/b><\/span><\/p>\n<ul>\n<li><span style=\"font-family: Times New Roman, serif;\">\u010di\u0161\u0107enje svih tipova ko\u017ee<\/span><\/li>\n<li><span style=\"font-family: Times New Roman, serif;\">posebno se preporu\u010duje za osetljivu ko\u017eu<\/span><\/li>\n<\/ul>\n<p><span style=\"font-family: Times New Roman, serif;\"><b>Redovna upotreba micelarne vode doprinosi:<\/b><\/span><\/p>\n<ul>\n<li><span style=\"font-family: Times New Roman, serif;\">dubinskom \u010di\u0161\u0107enju lica bez o\u0161te\u0107enja ko\u017ene barijere<\/span><\/li>\n<li><span style=\"font-family: Times New Roman, serif;\">odr\u017eavanju hidratacije ko\u017ee <\/span><\/li>\n<li><span style=\"font-family: Times New Roman, serif;\">regeneraciji ko\u017ee<\/span><\/li>\n<\/ul>","protected":false},"featured_media":6152,"comment_status":"open","ping_status":"closed","template":"","meta":[],"product_brand":[],"product_cat":[964],"product_tag":[1031,1033,731,1030,1032,1004,1007,730,830],"class_list":{"0":"post-6151","1":"product","2":"type-product","3":"status-publish","4":"has-post-thumbnail","6":"product_cat-prirodnakozmetika","7":"product_tag-ciscenje-koze","8":"product_tag-dubinsko-ciscenje-koze","9":"product_tag-hidratacija-koze","10":"product_tag-micelarna-voda","11":"product_tag-osetljiva-koza","12":"product_tag-prirodni-lek","13":"product_tag-prirodni-preparat","14":"product_tag-regeneracija-koze","15":"product_tag-vitalia-farm","17":"first","18":"instock","19":"taxable","20":"shipping-taxable","21":"purchasable","22":"product-type-simple"},"jetpack_sharing_enabled":true,"_links":{"self":[{"href":"https:\/\/www.vitalove.rs\/en\/wp-json\/wp\/v2\/product\/6151","targetHints":{"allow":["GET"]}}],"collection":[{"href":"https:\/\/www.vitalove.rs\/en\/wp-json\/wp\/v2\/product"}],"about":[{"href":"https:\/\/www.vitalove.rs\/en\/wp-json\/wp\/v2\/types\/product"}],"replies":[{"embeddable":true,"href":"https:\/\/www.vitalove.rs\/en\/wp-json\/wp\/v2\/comments?post=6151"}],"wp:featuredmedia":[{"embeddable":true,"href":"https:\/\/www.vitalove.rs\/en\/wp-json\/wp\/v2\/media\/6152"}],"wp:attachment":[{"href":"https:\/\/www.vitalove.rs\/en\/wp-json\/wp\/v2\/media?parent=6151"}],"wp:term":[{"taxonomy":"product_brand","embeddable":true,"href":"https:\/\/www.vitalove.rs\/en\/wp-json\/wp\/v2\/product_brand?post=6151"},{"taxonomy":"product_cat","embeddable":true,"href":"https:\/\/www.vitalove.rs\/en\/wp-json\/wp\/v2\/product_cat?post=6151"},{"taxonomy":"product_tag","embeddable":true,"href":"https:\/\/www.vitalove.rs\/en\/wp-json\/wp\/v2\/product_tag?post=6151"}],"curies":[{"name":"wp","href":"https:\/\/api.w.org\/{rel}","templated":true}]}}