
{"id":6182,"date":"2024-10-01T12:21:49","date_gmt":"2024-10-01T10:21:49","guid":{"rendered":"https:\/\/www.vitalove.rs\/?post_type=product&#038;p=6182"},"modified":"2025-07-04T16:40:33","modified_gmt":"2025-07-04T14:40:33","slug":"ulje-smilja","status":"publish","type":"product","link":"https:\/\/www.vitalove.rs\/en\/prodavnica\/prirodnakozmetika\/ulje-smilja\/","title":{"rendered":"Ulje Smilja (Oleum Helichrysi)"},"content":{"rendered":"<p><span style=\"color: #000000;\"><span style=\"font-family: Times New Roman, serif;\"><span style=\"font-size: medium;\"><b>Sastav (INCI): <\/b><\/span><\/span><span style=\"font-family: Times New Roman, serif;\"><span style=\"font-size: medium;\">Prunus Amygdalus Dulcis Oil, Helichrysum Italicum Flower<\/span><\/span><b> <\/b><\/span><\/p>\n<p><span style=\"color: #000000;\"><span style=\"font-family: Times New Roman, serif;\"><span style=\"font-size: medium;\"><span lang=\"sr-RS\"><b>Mere opreza:<\/b><\/span><\/span><\/span><\/span><\/p>\n<p><span style=\"color: #000000;\"><span style=\"font-family: Times New Roman, serif;\"><span style=\"font-size: medium;\"><span lang=\"sr-RS\">Pre upotrebe obavezno pro\u010ditati uputstvo<\/span><\/span><\/span><\/span><\/p>\n<p><span style=\"color: #000000;\"><span style=\"font-family: Times New Roman, serif;\"><span style=\"font-size: medium;\"><span lang=\"sr-RS\">O indkacijama, merama opreza i ne\u017eeljenim dejstvima posavetujte se sa lekarom ili farmaceutom.<\/span><\/span><\/span><\/span><\/p>\n<p><span style=\"color: #000000;\"><span style=\"font-family: Times New Roman, serif;\"><span style=\"font-size: medium;\"><b>Na\u010din \u010duvanja:<\/b><\/span><\/span> <span style=\"font-family: Times New Roman, serif;\"><span style=\"font-size: medium;\">\u010cuvati na suvom,tamnom i hladnom mestu za\u0161ti\u0107eno od svetlosti,van doma\u0161aja dece<\/span><\/span><\/span><span style=\"color: #000000;\"><span style=\"font-family: Times New Roman, serif;\"><span style=\"font-size: medium;\">. <\/span><\/span><\/span><\/p>\n<p><span style=\"color: #000000;\"><span style=\"font-family: Times New Roman, serif;\"><span style=\"font-size: medium;\">Od otvaranja bo\u010dice, savetuje se da se koristi najdu\u017ee \u0161est meseci.<\/span><\/span><\/span><\/p>\n<p><span style=\"color: #000000;\"><span style=\"font-family: Times New Roman, serif;\"><span style=\"font-size: medium;\"><b>Zemlja porekla:<\/b><\/span><\/span><span style=\"font-family: Times New Roman, serif;\"><span style=\"font-size: medium;\"> Srbija<\/span><\/span><\/span><\/p>\n<p><span style=\"color: #000000;\"><span style=\"font-family: Times New Roman, serif;\"><span style=\"font-size: medium;\"><span lang=\"sr-RS\"><b>Puni i pakuje<\/b><\/span><\/span><\/span><span style=\"font-family: Times New Roman, serif;\"><span style=\"font-size: medium;\"><span lang=\"sr-RS\">:\u201cVitalia Farm\u201c d.o.o., Beograd, Srbija<\/span><\/span><\/span><\/span><\/p>\n<p><span style=\"color: #000000;\"><span style=\"font-family: Times New Roman, serif;\"><span style=\"font-size: medium;\"><span lang=\"sr-RS\">www.vitalove.rs<\/span><\/span><\/span><\/span><\/p>","protected":false},"excerpt":{"rendered":"<p><span style=\"color: #000000;\"><span style=\"font-family: Times New Roman, serif;\"><span style=\"font-size: medium;\"><b>Na\u010din dobijanja:<\/b><\/span><\/span><span style=\"font-family: Times New Roman, serif;\"><span style=\"font-size: medium;\"> Maceracijom cveta smilja u ulju slatkog badema<\/span><\/span><span style=\"font-family: Times New Roman, serif;\"><span style=\"font-size: large;\">.<\/span><\/span><\/span><\/p>\n<p>&nbsp;<\/p>\n<p><span style=\"color: #000000;\"><span style=\"font-family: Times New Roman, serif;\"><span style=\"font-size: medium;\"><b>U kozmeti\u010dke svrhe preporu\u010duje se :<\/b><\/span><\/span><\/span><\/p>\n<p><span style=\"color: #000000;\"><span style=\"font-family: Times New Roman, serif;\"><span style=\"font-size: medium;\"><b>&#8211; Za negu suve, osetljive i ispucale ko\u017ee i kao preventiva nastanku bora <\/b><\/span><\/span><\/span><\/p>\n<p><span style=\"color: #000000;\"><span style=\"font-family: Times New Roman, serif;\"><span style=\"font-size: medium;\"><b>&#8211; Umanjuje pojavu bora ,sun\u010danih i stara\u010dkih pega i drugih znakova starenja ko\u017ee<\/b><\/span><\/span><\/span><\/p>\n<p><span style=\"color: #000000;\"><span style=\"font-family: Times New Roman, serif;\"><span style=\"font-size: medium;\"><b>&#8211; Zna\u010dajno uti\u010de na proizvodnju kolagena<\/b><\/span><\/span><\/span><\/p>\n<p><span style=\"color: #000000;\"><span style=\"font-family: Times New Roman, serif;\"><span style=\"font-size: medium;\"><b>&#8211; Pobolj\u0161ava mikrocirkulaciju , a time i detoksikaciju ko\u017ee<\/b><\/span><\/span><\/span><\/p>\n<p><span style=\"color: #000000;\"><span style=\"font-family: Times New Roman, serif;\"><span style=\"font-size: medium;\"><b>&#8211; Dovodi do pove\u0107anja hidratacije ko\u017ee i smanjenja transdermalnog gubitka vode<\/b><\/span><\/span><\/span><\/p>\n<p><span style=\"color: #000000;\"><span style=\"font-family: Times New Roman, serif;\"><span style=\"font-size: medium;\"><b>&#8211; \u0160titi ko\u017eu od bakterijskih i gljivi\u010dnih infekcija i upala<\/b><\/span><\/span><\/span><\/p>\n<p><span style=\"color: #000000;\"><span style=\"font-family: Times New Roman, serif;\"><span style=\"font-size: medium;\"><b>&#8211; Ima antioksidativni u\u010dinak koji najve\u0107im delom duguje svom sastojku neril acetatu<\/b><\/span><\/span><\/span><\/p>\n<p><span style=\"color: #000000;\"><span style=\"font-family: Times New Roman, serif;\"><span style=\"font-size: medium;\"><b>&#8211; Tretiranje pro\u0161irenih vena, hematoma, opekotina, o\u017eiljaka i strija <\/b><\/span><\/span><\/span><\/p>\n<p><span style=\"color: #000000;\"><span style=\"font-family: Open Sans, serif;\"><span style=\"font-size: large;\"><b>Ulje smilja za ko\u017eu<\/b><\/span><\/span><span style=\"font-family: Open Sans, serif;\"><span style=\"font-size: large;\">\u00a0najefikasnije je ukoliko se nanese na vla\u017enu ko\u017eu i blago umasira dok se potpuno ne upije.<\/span><\/span><\/span><\/p>\n<p><span style=\"color: #000000;\"><span style=\"font-family: Times New Roman, serif;\"><span style=\"font-size: medium;\"><span lang=\"sr-RS\"><b>Pakovanje: 30 ml<\/b><\/span><\/span><\/span><\/span><\/p>","protected":false},"featured_media":6183,"comment_status":"open","ping_status":"closed","template":"","meta":[],"product_brand":[],"product_cat":[964],"product_tag":[1039,984,1046,968,1048,1040,1038,1052,1042,1045,1035,1041,985,954,1044,1043,967,1032,1051,1036,1037,519,1049,1050,1034,830,1047],"class_list":{"0":"post-6182","1":"product","2":"type-product","3":"status-publish","4":"has-post-thumbnail","6":"product_cat-prirodnakozmetika","7":"product_tag-aniti-age-proizvodi","8":"product_tag-bore","9":"product_tag-dm-drogerija","10":"product_tag-elasticnost-koze","11":"product_tag-ispucala-koza","12":"product_tag-kolagen","13":"product_tag-kozmetika","14":"product_tag-kvalitetna-prirodna-kozmetika","15":"product_tag-lepo-lice","16":"product_tag-lilly-drogerija","17":"product_tag-mikrocirkulacija","18":"product_tag-mladolikost-koze","19":"product_tag-nega-lica","20":"product_tag-nega-suve-koze","21":"product_tag-negovana-koza","22":"product_tag-nezna-koza","23":"product_tag-opekotine","24":"product_tag-osetljiva-koza","25":"product_tag-povoljna-priroda-kozmetika","26":"product_tag-prirodna-nega","27":"product_tag-prirodni-kozmeticki-proizvodi","28":"product_tag-prosirene-vene","29":"product_tag-protiv-bora","30":"product_tag-smanjenje-bora","31":"product_tag-ulje-smilja","32":"product_tag-vitalia-farm","33":"product_tag-zdrava-hrana","35":"first","36":"instock","37":"taxable","38":"shipping-taxable","39":"purchasable","40":"product-type-simple"},"jetpack_sharing_enabled":true,"_links":{"self":[{"href":"https:\/\/www.vitalove.rs\/en\/wp-json\/wp\/v2\/product\/6182","targetHints":{"allow":["GET"]}}],"collection":[{"href":"https:\/\/www.vitalove.rs\/en\/wp-json\/wp\/v2\/product"}],"about":[{"href":"https:\/\/www.vitalove.rs\/en\/wp-json\/wp\/v2\/types\/product"}],"replies":[{"embeddable":true,"href":"https:\/\/www.vitalove.rs\/en\/wp-json\/wp\/v2\/comments?post=6182"}],"wp:featuredmedia":[{"embeddable":true,"href":"https:\/\/www.vitalove.rs\/en\/wp-json\/wp\/v2\/media\/6183"}],"wp:attachment":[{"href":"https:\/\/www.vitalove.rs\/en\/wp-json\/wp\/v2\/media?parent=6182"}],"wp:term":[{"taxonomy":"product_brand","embeddable":true,"href":"https:\/\/www.vitalove.rs\/en\/wp-json\/wp\/v2\/product_brand?post=6182"},{"taxonomy":"product_cat","embeddable":true,"href":"https:\/\/www.vitalove.rs\/en\/wp-json\/wp\/v2\/product_cat?post=6182"},{"taxonomy":"product_tag","embeddable":true,"href":"https:\/\/www.vitalove.rs\/en\/wp-json\/wp\/v2\/product_tag?post=6182"}],"curies":[{"name":"wp","href":"https:\/\/api.w.org\/{rel}","templated":true}]}}