
{"id":7685,"date":"2025-04-12T13:11:07","date_gmt":"2025-04-12T11:11:07","guid":{"rendered":"https:\/\/www.vitalove.rs\/?post_type=product&#038;p=7685"},"modified":"2025-07-04T16:39:56","modified_gmt":"2025-07-04T14:39:56","slug":"poklon-set-ulje-za-negu-kose-ruzmarin-i-tonik-za-lice-smilje","status":"publish","type":"product","link":"https:\/\/www.vitalove.rs\/en\/prodavnica\/poklon-setovi\/poklon-set-ulje-za-negu-kose-ruzmarin-i-tonik-za-lice-smilje\/","title":{"rendered":"Poklon set &#8211; Ulje za negu kose &#8211; Ruzmarin i Tonik za lice &#8211; Smilje"},"content":{"rendered":"<p>Ulje za negu kose &#8211; Ruzmarin, 50 ml sadr\u017ei kombinaciju biljnih i etarskih ulja koja umanjuju prekomerno opadanje kose, stimuli\u0161u rast kose, reguli\u0161u lu\u010denje sebuma, ja\u010daju folikul dlake, \u010dine kosu sjajnom, mekom i otpornom na isu\u0161ivanje i pucanje.<\/p>\n<p>&nbsp;<\/p>\n<p>Tonik za lice &#8211; Smilje, 50 ml je na bazi hidrolata smilja koji je nastao prilikom destilacije etarskog ulja smilja pa samim tim ne sadr\u017ei alkohol i ne iritira ko\u017eu. Koristi se za dubinsku hidrataciju, regeneraciju i umanjenje znakova starenja ko\u017ee<\/p>","protected":false},"excerpt":{"rendered":"<p>Ulje za negu kose &#8211; Ruzmarin, 50 ml sadr\u017ei kombinaciju biljnih i etarskih ulja koja umanjuju prekomerno opadanje kose, stimuli\u0161u rast kose, reguli\u0161u lu\u010denje sebuma, ja\u010daju folikul dlake, \u010dine kosu sjajnom, mekom i otpornom na isu\u0161ivanje i pucanje. &nbsp; Tonik za lice &#8211; Smilje, 50 ml je na bazi hidrolata smilja koji je nastao prilikom [&hellip;]<\/p>","protected":false},"featured_media":7687,"comment_status":"open","ping_status":"closed","template":"","meta":[],"product_brand":[],"product_cat":[1056,1061],"product_tag":[1004,1007,1015,1024],"class_list":{"0":"post-7685","1":"product","2":"type-product","3":"status-publish","4":"has-post-thumbnail","6":"product_cat-poklon-setovi","7":"product_cat-akcija","8":"product_tag-prirodni-lek","9":"product_tag-prirodni-preparat","10":"product_tag-tonik-za-lice","11":"product_tag-ulje-za-negu-kose","13":"first","14":"instock","15":"taxable","16":"shipping-taxable","17":"purchasable","18":"product-type-simple"},"jetpack_sharing_enabled":true,"_links":{"self":[{"href":"https:\/\/www.vitalove.rs\/en\/wp-json\/wp\/v2\/product\/7685","targetHints":{"allow":["GET"]}}],"collection":[{"href":"https:\/\/www.vitalove.rs\/en\/wp-json\/wp\/v2\/product"}],"about":[{"href":"https:\/\/www.vitalove.rs\/en\/wp-json\/wp\/v2\/types\/product"}],"replies":[{"embeddable":true,"href":"https:\/\/www.vitalove.rs\/en\/wp-json\/wp\/v2\/comments?post=7685"}],"wp:featuredmedia":[{"embeddable":true,"href":"https:\/\/www.vitalove.rs\/en\/wp-json\/wp\/v2\/media\/7687"}],"wp:attachment":[{"href":"https:\/\/www.vitalove.rs\/en\/wp-json\/wp\/v2\/media?parent=7685"}],"wp:term":[{"taxonomy":"product_brand","embeddable":true,"href":"https:\/\/www.vitalove.rs\/en\/wp-json\/wp\/v2\/product_brand?post=7685"},{"taxonomy":"product_cat","embeddable":true,"href":"https:\/\/www.vitalove.rs\/en\/wp-json\/wp\/v2\/product_cat?post=7685"},{"taxonomy":"product_tag","embeddable":true,"href":"https:\/\/www.vitalove.rs\/en\/wp-json\/wp\/v2\/product_tag?post=7685"}],"curies":[{"name":"wp","href":"https:\/\/api.w.org\/{rel}","templated":true}]}}