
{"id":7690,"date":"2025-04-12T13:17:36","date_gmt":"2025-04-12T11:17:36","guid":{"rendered":"https:\/\/www.vitalove.rs\/?post_type=product&#038;p=7690"},"modified":"2025-12-27T06:06:25","modified_gmt":"2025-12-27T05:06:25","slug":"poklon-set-serum-za-lice-za-normalnu-i-suvu-kozu-i-tonik-za-lice-ruza","status":"publish","type":"product","link":"https:\/\/www.vitalove.rs\/en\/prodavnica\/poklon-setovi\/poklon-set-serum-za-lice-za-normalnu-i-suvu-kozu-i-tonik-za-lice-ruza\/","title":{"rendered":"Poklon set &#8211; Serum za lice-za normalnu i suvu ko\u017eu i Tonik za lice &#8211; Ru\u017ea"},"content":{"rendered":"<p>Serum za lice-za normalnu i suvu ko\u017eu, 30 ml je formulisan\u00a0 kao anti age serum za lice jer sadr\u017ei biljna ulja koja stimuli\u0161u sintezu kolagena i koja su neophodna\u00a0za intenzivnu\u00a0ishranu, hidrataciju i regeneraciju ko\u017ee. Redovnom upotrebom ko\u017ea postaje meka, elasti\u010dna i glatka.<\/p>\n<p>Tonik za lice &#8211; Ru\u017ea, 50 ml je na bazi hidrolata ru\u017ee koji je nastao prilikom destilacije etarskog ulja ru\u017ee pa samim tim ne sadr\u017ei alkohol i ne iritira ko\u017eu. Obezbe\u0111uje dubinsku hidrataciju, blago \u010disti i osve\u017eava ko\u017eu, uklanja zaostale ne\u010disto\u0107e iz pora i su\u017eava ih.<\/p>","protected":false},"excerpt":{"rendered":"<p>Serum za lice-za normalnu i suvu ko\u017eu, 30 ml je formulisan\u00a0 kao anti age serum za lice jer sadr\u017ei biljna ulja koja stimuli\u0161u sintezu kolagena i koja su neophodna\u00a0za intenzivnu\u00a0ishranu, hidrataciju i regeneraciju ko\u017ee. Redovnom upotrebom ko\u017ea postaje meka, elasti\u010dna i glatka. Tonik za lice &#8211; Ru\u017ea, 50 ml je na bazi hidrolata ru\u017ee koji [&hellip;]<\/p>","protected":false},"featured_media":7691,"comment_status":"open","ping_status":"closed","template":"","meta":[],"product_brand":[],"product_cat":[1056,1061],"product_tag":[1038,1059,1060,1022,1006,1015],"class_list":{"0":"post-7690","1":"product","2":"type-product","3":"status-publish","4":"has-post-thumbnail","6":"product_cat-poklon-setovi","7":"product_cat-akcija","8":"product_tag-kozmetika","9":"product_tag-normlana-koza","10":"product_tag-poklon-set","11":"product_tag-serum-za-lice","12":"product_tag-suva-koza","13":"product_tag-tonik-za-lice","15":"first","16":"instock","17":"taxable","18":"shipping-taxable","19":"purchasable","20":"product-type-simple"},"jetpack_sharing_enabled":true,"_links":{"self":[{"href":"https:\/\/www.vitalove.rs\/en\/wp-json\/wp\/v2\/product\/7690","targetHints":{"allow":["GET"]}}],"collection":[{"href":"https:\/\/www.vitalove.rs\/en\/wp-json\/wp\/v2\/product"}],"about":[{"href":"https:\/\/www.vitalove.rs\/en\/wp-json\/wp\/v2\/types\/product"}],"replies":[{"embeddable":true,"href":"https:\/\/www.vitalove.rs\/en\/wp-json\/wp\/v2\/comments?post=7690"}],"wp:featuredmedia":[{"embeddable":true,"href":"https:\/\/www.vitalove.rs\/en\/wp-json\/wp\/v2\/media\/7691"}],"wp:attachment":[{"href":"https:\/\/www.vitalove.rs\/en\/wp-json\/wp\/v2\/media?parent=7690"}],"wp:term":[{"taxonomy":"product_brand","embeddable":true,"href":"https:\/\/www.vitalove.rs\/en\/wp-json\/wp\/v2\/product_brand?post=7690"},{"taxonomy":"product_cat","embeddable":true,"href":"https:\/\/www.vitalove.rs\/en\/wp-json\/wp\/v2\/product_cat?post=7690"},{"taxonomy":"product_tag","embeddable":true,"href":"https:\/\/www.vitalove.rs\/en\/wp-json\/wp\/v2\/product_tag?post=7690"}],"curies":[{"name":"wp","href":"https:\/\/api.w.org\/{rel}","templated":true}]}}