
{"id":8453,"date":"2026-04-03T11:57:20","date_gmt":"2026-04-03T09:57:20","guid":{"rendered":"https:\/\/www.vitalove.rs\/?post_type=product&#038;p=8453"},"modified":"2026-04-03T12:15:28","modified_gmt":"2026-04-03T10:15:28","slug":"prolecni-set-za-umornu-kozu-lica","status":"publish","type":"product","link":"https:\/\/www.vitalove.rs\/en\/prodavnica\/novo\/prolecni-set-za-umornu-kozu-lica\/","title":{"rendered":"Prole\u0107ni set ZA UMORNU KO\u017dU LICA"},"content":{"rendered":"<h4>Prole\u0107ni set:<\/h4>\n<ol>\n<li><a href=\"https:\/\/www.vitalove.rs\/prodavnica\/prirodnakozmetika\/micelarna-voda\/\">Micelarna voda, 200ml<\/a><\/li>\n<li><a href=\"https:\/\/www.vitalove.rs\/prodavnica\/prirodnakozmetika\/smilje-tonik-za-lice\/\">Tonik za lice Smilje, 50ml\u00a0<\/a><\/li>\n<li><a href=\"https:\/\/www.vitalove.rs\/prodavnica\/prirodnakozmetika\/ulje-smilja\/\">Ulje smilja (macerat u bademovom ulju), 30ml<\/a><\/li>\n<\/ol>\n<p>&nbsp;<\/p>\n<p><strong>Prole\u0107ni detoks za va\u0161u ko\u017eu: Mo\u0107 smilja i ne\u017eno \u010di\u0161\u0107enje<\/strong><\/p>\n<p>Stiglo je prole\u0107e! Dok se priroda budi, i na\u0161oj ko\u017ei je potrebno \u201ebu\u0111enje\u201c nakon te\u0161ke zimske nege, suvog vazduha u prostorijama i niskih temperatura.<\/p>\n<p>Ako \u017eelite da va\u0161 ten ovog prole\u0107a zablista, klju\u010d je u tri jednostavna koraka ve\u010dernje rutine:\u00a0<strong>\u010di\u0161\u0107enje, hidratacija i regeneracija.<\/strong><\/p>\n<p>&nbsp;<\/p>\n<ol>\n<li><strong>Korak: Ne\u017ena priprema uz micelarnu vodu<\/strong><\/li>\n<\/ol>\n<p>Sve po\u010dinje \u010distim licem. Svakodnevna nega zahteva uklanjanje ne\u010disto\u0107a bez naru\u0161avanja prirodne barijere ko\u017ee.\u00a0<strong>Prirodna\u00a0micelarna voda<\/strong>\u00a0je idealan izbor jer efikasno uklanja \u0161minku i \u010disti lice bez agresivnih surfaktanata i alkohola ostavljaju\u0107i ko\u017eu mekanom.<\/p>\n<p>Micelarnu vodu naneti na pamu\u010dni tufer i ne\u017eno o\u010distiti lice. Ponavljati postupak dok tufer ne ostane \u010dist. Isprati lice vodom.<\/p>\n<ol start=\"2\">\n<li><strong>Korak: Hidratacija uz tonik od smilja<\/strong><\/li>\n<\/ol>\n<p>Nakon \u010di\u0161\u0107enja, vreme je za \u201ete\u010dno zlato\u201c Mediterana.\u00a0<strong>Tonik od hidrolata smilja<\/strong>\u00a0je nezaobilazan u prole\u0107noj rutini. Obezbe\u0111uje dubinsku hidrataciju, blago \u010disti i osve\u017eava ko\u017eu, uklanja zaostale ne\u010disto\u0107e iz pora i su\u017eava ih.<\/p>\n<p>\u201eOvaj tonik pru\u017ea idealan prole\u0107ni detoks zahvaljuju\u0107i svojim klju\u010dnim benefitima:<\/p>\n<ul>\n<li>Podsti\u010de regeneraciju \u0107elija i ubla\u017eava tragove starenja.<\/li>\n<li>Umiruje upalne procese i otklanja iritacije na ko\u017ei.\u201c<\/li>\n<\/ul>\n<p>Tonik naneti na tufer ili direktno naprskati na lice za trenutni ose\u0107aj sve\u017eine.<\/p>\n<ol start=\"3\">\n<li><strong>Korak: Dubinska nega uz macerat smilja<\/strong><\/li>\n<\/ol>\n<p>Dok je ko\u017ea jo\u0161 vla\u017ena od tonika, nanesite par kapi\u00a0<strong>macerata smilja\u00a0<\/strong>na svaku regiju\u00a0lica.<\/p>\n<p>Za\u0161to ba\u0161 smilje?<\/p>\n<p>Zovu ga\u00a0<em>immortelle<\/em>\u00a0(besmrtno)\u00a0<strong>jer nikada ne vene.<\/strong>\u00a0\u010cak i kada se ubere i potpuno osu\u0161i, cvet smilja zadr\u017eava svoju jarku \u017eutu boju i miris.<\/p>\n<p>&nbsp;<\/p>\n<p>Primenjeno u nezi ko\u017ee, smilje bukvalno \u201e\u010duva mladost\u201c i poma\u017ee ko\u017ei da prkosi godinama.<\/p>\n<p>Prole\u0107e je idealno vreme za ovaj proizvod jer:<\/p>\n<ul>\n<li>Umanjuje pojavu bora, sun\u010danih i stara\u010dkih pega i drugih znakova starenja ko\u017ee<\/li>\n<\/ul>\n<p>&nbsp;<\/p>\n<ul>\n<li>Zna\u010dajno uti\u010de na proizvodnju kolagena<\/li>\n<\/ul>\n<p>&nbsp;<\/p>\n<ul>\n<li>Pobolj\u0161ava mikrocirkulaciju, a time i detoksikaciju ko\u017ee<\/li>\n<\/ul>\n<p>&nbsp;<\/p>\n<p>&nbsp;<\/p>\n<p>Ukoliko \u017eelite da podignete svoju rutinu na vi\u0161i nivo i pru\u017eite ko\u017ei kraljevski tretman obogatite svoju negu etarskim uljem tamjana.<\/p>\n<p>Dovoljno je 2-3 kapi etarskog ulja tamjana u 10 ml macerata smilja kako biste podr\u017eali procese regeneracije i umanjili vidljivost bora i o\u017eiljaka.<\/p>\n<p><strong>\u00a0<\/strong><\/p>\n<p><strong>Zaklju\u010dak<\/strong><\/p>\n<p>Prelazak na prirodnu kozmetiku ovog prole\u0107a nije samo trend, ve\u0107 najlep\u0161i poklon koji mo\u017eete dati svojoj ko\u017ei. Spoj ne\u017ene micelarne vode i mo\u0107nog smilja pru\u017ei\u0107e vam sve \u0161to vam treba za blistav ten \u2013 prirodno, mirisno i efikasno.<\/p>","protected":false},"excerpt":{"rendered":"<h4>Prole\u0107ni set :<\/h4>\n<ol>\n<li><a href=\"https:\/\/www.vitalove.rs\/prodavnica\/prirodnakozmetika\/micelarna-voda\/\">Micelarna voda, 200ml<\/a><\/li>\n<li><a href=\"https:\/\/www.vitalove.rs\/prodavnica\/prirodnakozmetika\/smilje-tonik-za-lice\/\">Tonik za lice Smilje, 50ml<\/a><\/li>\n<li><a href=\"https:\/\/www.vitalove.rs\/prodavnica\/prirodnakozmetika\/ulje-smilja\/\">Ulje smilja (macerat u bademovom ulju), 30ml<\/a><\/li>\n<\/ol>\n<p><span style=\"color: #993300;\">Iskoristite kupon AKCIJA za besplatnu po\u0161tarinu dok traje akcija!<\/span><\/p>","protected":false},"featured_media":8454,"comment_status":"open","ping_status":"closed","template":"","meta":[],"product_brand":[],"product_cat":[964,1056,942,1061],"product_tag":[],"class_list":{"0":"post-8453","1":"product","2":"type-product","3":"status-publish","4":"has-post-thumbnail","6":"product_cat-prirodnakozmetika","7":"product_cat-poklon-setovi","8":"product_cat-novo","9":"product_cat-akcija","11":"first","12":"instock","13":"sale","14":"taxable","15":"shipping-taxable","16":"purchasable","17":"product-type-simple"},"jetpack_sharing_enabled":true,"_links":{"self":[{"href":"https:\/\/www.vitalove.rs\/en\/wp-json\/wp\/v2\/product\/8453","targetHints":{"allow":["GET"]}}],"collection":[{"href":"https:\/\/www.vitalove.rs\/en\/wp-json\/wp\/v2\/product"}],"about":[{"href":"https:\/\/www.vitalove.rs\/en\/wp-json\/wp\/v2\/types\/product"}],"replies":[{"embeddable":true,"href":"https:\/\/www.vitalove.rs\/en\/wp-json\/wp\/v2\/comments?post=8453"}],"wp:featuredmedia":[{"embeddable":true,"href":"https:\/\/www.vitalove.rs\/en\/wp-json\/wp\/v2\/media\/8454"}],"wp:attachment":[{"href":"https:\/\/www.vitalove.rs\/en\/wp-json\/wp\/v2\/media?parent=8453"}],"wp:term":[{"taxonomy":"product_brand","embeddable":true,"href":"https:\/\/www.vitalove.rs\/en\/wp-json\/wp\/v2\/product_brand?post=8453"},{"taxonomy":"product_cat","embeddable":true,"href":"https:\/\/www.vitalove.rs\/en\/wp-json\/wp\/v2\/product_cat?post=8453"},{"taxonomy":"product_tag","embeddable":true,"href":"https:\/\/www.vitalove.rs\/en\/wp-json\/wp\/v2\/product_tag?post=8453"}],"curies":[{"name":"wp","href":"https:\/\/api.w.org\/{rel}","templated":true}]}}